{"id":143507,"date":"2024-10-10T17:43:55","date_gmt":"2024-10-10T15:43:55","guid":{"rendered":"https:\/\/store.ie.edu\/product\/sin%20categor\u00eda\/cap-rapper-skyline-ieu\/"},"modified":"2026-03-23T18:50:13","modified_gmt":"2026-03-23T17:50:13","slug":"cap-rapper-skyline-ieu","status":"publish","type":"product","link":"https:\/\/store.ie.edu\/es\/producto\/accessorios\/gorras\/cap-rapper-skyline-ieu\/","title":{"rendered":"<b>Gorra Rapper Skyline IEU<\/b>"},"content":{"rendered":"","protected":false},"excerpt":{"rendered":"<p>Luce un asombroso parche que muestra nuestro ic\u00f3nico horizonte IE. Gorra trucker azul marino con una parte trasera de malla transpirable . Talla \u00fanica para adultos. Frontal de algod\u00f3n y un cierre ajustable tipo snapback para un ajuste perfecto. Su dise\u00f1o de 5 paneles incluye una visera precurvada con 4 costuras y paneles de malla que mejoran la ventilaci\u00f3n, manteni\u00e9ndote fresco en verano.<\/p>\n","protected":false},"featured_media":144895,"comment_status":"open","ping_status":"closed","template":"","meta":{"_seopress_robots_primary_cat":"none","_seopress_titles_title":"","_seopress_titles_desc":"","_seopress_robots_index":""},"product_brand":[],"product_cat":[201,207],"product_tag":[],"class_list":{"0":"post-143507","1":"product","2":"type-product","3":"status-publish","4":"has-post-thumbnail","6":"product_cat-accessorios","7":"product_cat-gorras","9":"first","10":"instock","11":"taxable","12":"shipping-taxable","13":"purchasable","14":"product-type-simple","15":"thumb-has-effect","16":"prod-rating-off"},"_links":{"self":[{"href":"https:\/\/store.ie.edu\/es\/wp-json\/wp\/v2\/product\/143507","targetHints":{"allow":["GET"]}}],"collection":[{"href":"https:\/\/store.ie.edu\/es\/wp-json\/wp\/v2\/product"}],"about":[{"href":"https:\/\/store.ie.edu\/es\/wp-json\/wp\/v2\/types\/product"}],"replies":[{"embeddable":true,"href":"https:\/\/store.ie.edu\/es\/wp-json\/wp\/v2\/comments?post=143507"}],"wp:featuredmedia":[{"embeddable":true,"href":"https:\/\/store.ie.edu\/es\/wp-json\/wp\/v2\/media\/144895"}],"wp:attachment":[{"href":"https:\/\/store.ie.edu\/es\/wp-json\/wp\/v2\/media?parent=143507"}],"wp:term":[{"taxonomy":"product_brand","embeddable":true,"href":"https:\/\/store.ie.edu\/es\/wp-json\/wp\/v2\/product_brand?post=143507"},{"taxonomy":"product_cat","embeddable":true,"href":"https:\/\/store.ie.edu\/es\/wp-json\/wp\/v2\/product_cat?post=143507"},{"taxonomy":"product_tag","embeddable":true,"href":"https:\/\/store.ie.edu\/es\/wp-json\/wp\/v2\/product_tag?post=143507"}],"curies":[{"name":"wp","href":"https:\/\/api.w.org\/{rel}","templated":true}]}}