{"id":143475,"date":"2024-10-10T16:18:34","date_gmt":"2024-10-10T14:18:34","guid":{"rendered":"https:\/\/store.ie.edu\/product\/sin%20categor\u00eda\/well-being-big-journal-ieu\/"},"modified":"2024-10-10T16:23:14","modified_gmt":"2024-10-10T14:23:14","slug":"well-being-big-journal-ieu","status":"publish","type":"product","link":"https:\/\/store.ie.edu\/es\/producto\/accessorios\/generico\/well-being-big-journal-ieu\/","title":{"rendered":"Diario Grande Well-Being  IEU"},"content":{"rendered":"","protected":false},"excerpt":{"rendered":"<p>Este diario te ayuda a enfocarte en la positividad con cinco breves indicaciones cada d\u00eda. Cada p\u00e1gina tiene espacio para anotar a qui\u00e9n agradeces, lo que esperas con ilusi\u00f3n, una afirmaci\u00f3n diaria, algo por lo que te sientes agradecido y lo que te hizo sonre\u00edr.17x24cm<\/p>\n","protected":false},"featured_media":143470,"comment_status":"open","ping_status":"closed","template":"","meta":{"_seopress_robots_primary_cat":"none","_seopress_titles_title":"","_seopress_titles_desc":"","_seopress_robots_index":""},"product_brand":[],"product_cat":[201,240],"product_tag":[],"class_list":{"0":"post-143475","1":"product","2":"type-product","3":"status-publish","4":"has-post-thumbnail","6":"product_cat-accessorios","7":"product_cat-generico","9":"first","10":"instock","11":"taxable","12":"shipping-taxable","13":"purchasable","14":"product-type-simple","15":"thumb-has-effect","16":"prod-rating-off"},"_links":{"self":[{"href":"https:\/\/store.ie.edu\/es\/wp-json\/wp\/v2\/product\/143475","targetHints":{"allow":["GET"]}}],"collection":[{"href":"https:\/\/store.ie.edu\/es\/wp-json\/wp\/v2\/product"}],"about":[{"href":"https:\/\/store.ie.edu\/es\/wp-json\/wp\/v2\/types\/product"}],"replies":[{"embeddable":true,"href":"https:\/\/store.ie.edu\/es\/wp-json\/wp\/v2\/comments?post=143475"}],"wp:featuredmedia":[{"embeddable":true,"href":"https:\/\/store.ie.edu\/es\/wp-json\/wp\/v2\/media\/143470"}],"wp:attachment":[{"href":"https:\/\/store.ie.edu\/es\/wp-json\/wp\/v2\/media?parent=143475"}],"wp:term":[{"taxonomy":"product_brand","embeddable":true,"href":"https:\/\/store.ie.edu\/es\/wp-json\/wp\/v2\/product_brand?post=143475"},{"taxonomy":"product_cat","embeddable":true,"href":"https:\/\/store.ie.edu\/es\/wp-json\/wp\/v2\/product_cat?post=143475"},{"taxonomy":"product_tag","embeddable":true,"href":"https:\/\/store.ie.edu\/es\/wp-json\/wp\/v2\/product_tag?post=143475"}],"curies":[{"name":"wp","href":"https:\/\/api.w.org\/{rel}","templated":true}]}}