{"id":142951,"date":"2024-05-31T14:37:46","date_gmt":"2024-05-31T12:37:46","guid":{"rendered":"https:\/\/store.ie.edu\/product\/sin%20categor\u00eda\/graduation-signet-ie-ring\/"},"modified":"2025-12-12T13:28:38","modified_gmt":"2025-12-12T12:28:38","slug":"graduation-signet-ie-ring","status":"publish","type":"product","link":"https:\/\/store.ie.edu\/es\/producto\/personalizados\/anillos-de-graduacion\/graduation-signet-ie-ring\/","title":{"rendered":"<b>Anillo de Graduaci\u00f3n Signet IE<\/b>"},"content":{"rendered":"","protected":false},"excerpt":{"rendered":"<p><strong data-start=\"267\" data-end=\"299\">Un s\u00edmbolo de logro y legado<\/strong><\/p>\n<p>Celebra tu trayectoria con una pieza tan \u00fanica como tu experiencia en IE.<\/p>\n<p>Dise\u00f1ado por la reconocida joyera y profesora de IE, <strong data-start=\"428\" data-end=\"449\">Saskia Bostelmann<\/strong>, este <strong>anillo de graduaci\u00f3n artesanal<\/strong> representa la elegancia contempor\u00e1nea con un enfoque sostenible. Fabricado en Espa\u00f1a, presenta un dise\u00f1o refinado y atemporal, disponible en oro amarillo de 9k, oro amarillo de 18k y plata de ley 925.<\/p>\n<p>Una declaraci\u00f3n sofisticada que refleja el <strong>esp\u00edritu IE<\/strong>.<\/p>\n<p data-start=\"803\" data-end=\"828\"><strong data-start=\"807\" data-end=\"826\">Personalizaci\u00f3n<\/strong><\/p>\n<p>Hazlo \u00fanico grabando tus iniciales y fechas m\u00e1s significativas<\/p>\n<p><strong data-start=\"549\" data-end=\"572\">Pick-up disponible.<\/strong><br data-start=\"572\" data-end=\"575\" \/>El tiempo estimado de producci\u00f3n y entrega es de aproximadamente <strong data-start=\"640\" data-end=\"665\">10 semanas laborables<\/strong>.<\/p>\n","protected":false},"featured_media":146351,"comment_status":"open","ping_status":"closed","template":"","meta":{"_seopress_robots_primary_cat":"none","_seopress_titles_title":"","_seopress_titles_desc":"","_seopress_robots_index":""},"product_brand":[],"product_cat":[888,859,899,790,907],"product_tag":[],"class_list":{"0":"post-142951","1":"product","2":"type-product","3":"status-publish","4":"has-post-thumbnail","6":"product_cat-anillos-de-graduacion","7":"product_cat-joyeria","8":"product_cat-personalizacion-ie","9":"product_cat-personalizados","10":"product_cat-regalos-graduacion-es","11":"product_shipping_class-solo-tienda-es","13":"first","14":"instock","15":"taxable","16":"shipping-taxable","17":"purchasable","18":"product-type-variable","19":"thumb-has-effect","20":"prod-rating-off"},"_links":{"self":[{"href":"https:\/\/store.ie.edu\/es\/wp-json\/wp\/v2\/product\/142951","targetHints":{"allow":["GET"]}}],"collection":[{"href":"https:\/\/store.ie.edu\/es\/wp-json\/wp\/v2\/product"}],"about":[{"href":"https:\/\/store.ie.edu\/es\/wp-json\/wp\/v2\/types\/product"}],"replies":[{"embeddable":true,"href":"https:\/\/store.ie.edu\/es\/wp-json\/wp\/v2\/comments?post=142951"}],"wp:featuredmedia":[{"embeddable":true,"href":"https:\/\/store.ie.edu\/es\/wp-json\/wp\/v2\/media\/146351"}],"wp:attachment":[{"href":"https:\/\/store.ie.edu\/es\/wp-json\/wp\/v2\/media?parent=142951"}],"wp:term":[{"taxonomy":"product_brand","embeddable":true,"href":"https:\/\/store.ie.edu\/es\/wp-json\/wp\/v2\/product_brand?post=142951"},{"taxonomy":"product_cat","embeddable":true,"href":"https:\/\/store.ie.edu\/es\/wp-json\/wp\/v2\/product_cat?post=142951"},{"taxonomy":"product_tag","embeddable":true,"href":"https:\/\/store.ie.edu\/es\/wp-json\/wp\/v2\/product_tag?post=142951"}],"curies":[{"name":"wp","href":"https:\/\/api.w.org\/{rel}","templated":true}]}}