{"id":140652,"date":"2024-05-01T20:01:52","date_gmt":"2024-05-01T18:01:52","guid":{"rendered":"https:\/\/store.ie.edu\/product\/sin%20categor\u00eda\/backpack-floid-ieu\/"},"modified":"2025-10-15T11:04:39","modified_gmt":"2025-10-15T09:04:39","slug":"backpack-floid-ieu","status":"publish","type":"product","link":"https:\/\/store.ie.edu\/es\/producto\/colaboraciones\/eastpak-es\/backpack-floid-ieu\/","title":{"rendered":"<b>Mochila Eastpak Floid IEU<\/b>"},"content":{"rendered":"<p class=\"\" data-start=\"110\" data-end=\"368\"><strong data-start=\"110\" data-end=\"124\">MATERIALES<\/strong><br data-start=\"124\" data-end=\"127\" \/>100% poli\u00e9ster de alta durabilidad<br data-start=\"161\" data-end=\"164\" \/>Material vegano sin componentes de origen animal<br data-start=\"212\" data-end=\"215\" \/>Correas ajustables y acolchadas para los hombros<br data-start=\"263\" data-end=\"266\" \/>Compartimento acolchado para port\u00e1tiles de hasta 15\u201d<br data-start=\"318\" data-end=\"321\" \/>Panel trasero ergon\u00f3mico para mayor comodidad<\/p>\n<p class=\"\" data-start=\"370\" data-end=\"577\"><strong data-start=\"370\" data-end=\"382\">CUIDADOS<\/strong><br data-start=\"382\" data-end=\"385\" \/>Limpiar con un pa\u00f1o h\u00famedo<br data-start=\"411\" data-end=\"414\" \/>No lavar a m\u00e1quina ni usar secadora<br data-start=\"449\" data-end=\"452\" \/>Evitar la exposici\u00f3n prolongada al sol<br data-start=\"490\" data-end=\"493\" \/>No utilizar productos qu\u00edmicos agresivos<br data-start=\"533\" data-end=\"536\" \/>Guardar en un lugar seco cuando no se use<\/p>\n","protected":false},"excerpt":{"rendered":"<p class=\"\" data-start=\"86\" data-end=\"199\">La mochila Eastpak Floid IEU combina dise\u00f1o resistente, compartimento acolchado y organizaci\u00f3n inteligente con el estilo \u00fanico de IE<br data-start=\"234\" data-end=\"237\" \/>Funcional, sostenible y exclusiva de la IE Store<\/p>\n","protected":false},"featured_media":140782,"comment_status":"open","ping_status":"closed","template":"","meta":{"_seopress_robots_primary_cat":"none","_seopress_titles_title":"","_seopress_titles_desc":"","_seopress_robots_index":""},"product_brand":[],"product_cat":[864,869,908,242,906],"product_tag":[],"class_list":{"0":"post-140652","1":"product","2":"type-product","3":"status-publish","4":"has-post-thumbnail","6":"product_cat-colaboraciones","7":"product_cat-eastpak-es","8":"product_cat-esenciales-viaje","9":"product_cat-mochilas","10":"product_cat-vida-campus","12":"first","13":"instock","14":"taxable","15":"shipping-taxable","16":"purchasable","17":"product-type-variable","18":"thumb-has-effect","19":"prod-rating-off"},"_links":{"self":[{"href":"https:\/\/store.ie.edu\/es\/wp-json\/wp\/v2\/product\/140652","targetHints":{"allow":["GET"]}}],"collection":[{"href":"https:\/\/store.ie.edu\/es\/wp-json\/wp\/v2\/product"}],"about":[{"href":"https:\/\/store.ie.edu\/es\/wp-json\/wp\/v2\/types\/product"}],"replies":[{"embeddable":true,"href":"https:\/\/store.ie.edu\/es\/wp-json\/wp\/v2\/comments?post=140652"}],"wp:featuredmedia":[{"embeddable":true,"href":"https:\/\/store.ie.edu\/es\/wp-json\/wp\/v2\/media\/140782"}],"wp:attachment":[{"href":"https:\/\/store.ie.edu\/es\/wp-json\/wp\/v2\/media?parent=140652"}],"wp:term":[{"taxonomy":"product_brand","embeddable":true,"href":"https:\/\/store.ie.edu\/es\/wp-json\/wp\/v2\/product_brand?post=140652"},{"taxonomy":"product_cat","embeddable":true,"href":"https:\/\/store.ie.edu\/es\/wp-json\/wp\/v2\/product_cat?post=140652"},{"taxonomy":"product_tag","embeddable":true,"href":"https:\/\/store.ie.edu\/es\/wp-json\/wp\/v2\/product_tag?post=140652"}],"curies":[{"name":"wp","href":"https:\/\/api.w.org\/{rel}","templated":true}]}}