{"id":135581,"date":"2024-02-19T19:33:19","date_gmt":"2024-02-19T18:33:19","guid":{"rendered":"https:\/\/store.ie.edu\/product\/sin%20categor\u00eda\/revolve-ie-pin\/"},"modified":"2025-04-11T18:04:12","modified_gmt":"2025-04-11T16:04:12","slug":"revolve-ie-pin","status":"publish","type":"product","link":"https:\/\/store.ie.edu\/es\/producto\/accessorios\/revolve-ie-pin\/","title":{"rendered":"<b>Pin Revolve IE<\/b>"},"content":{"rendered":"","protected":false},"excerpt":{"rendered":"<p>Nueva colecci\u00f3n de joyas del IE por Saskia Bostelmann, profesora de la escuela del IE Design &amp; Architecture. Dise\u00f1adora y joyera. Producto artesanal contempor\u00e1neo y sostenible fabricado en Espa\u00f1a. Disponible en Plata de Ley 925.<\/p>\n<p>Este pin forma parte de la colecci\u00f3n IE r-evolve. Elegancia atemporal, elegancia elegante y simplicidad con un toque especial. Porque en IE miras la vida desde distintos \u00e1ngulos.<\/p>\n","protected":false},"featured_media":135630,"comment_status":"open","ping_status":"closed","template":"","meta":{"_seopress_robots_primary_cat":"none","_seopress_titles_title":"","_seopress_titles_desc":"","_seopress_robots_index":""},"product_brand":[],"product_cat":[201,859,562,907],"product_tag":[],"class_list":{"0":"post-135581","1":"product","2":"type-product","3":"status-publish","4":"has-post-thumbnail","6":"product_cat-accessorios","7":"product_cat-joyeria","8":"product_cat-new-in-es","9":"product_cat-regalos-graduacion-es","11":"first","12":"instock","13":"taxable","14":"shipping-taxable","15":"purchasable","16":"product-type-simple","17":"thumb-has-effect","18":"prod-rating-off"},"_links":{"self":[{"href":"https:\/\/store.ie.edu\/es\/wp-json\/wp\/v2\/product\/135581","targetHints":{"allow":["GET"]}}],"collection":[{"href":"https:\/\/store.ie.edu\/es\/wp-json\/wp\/v2\/product"}],"about":[{"href":"https:\/\/store.ie.edu\/es\/wp-json\/wp\/v2\/types\/product"}],"replies":[{"embeddable":true,"href":"https:\/\/store.ie.edu\/es\/wp-json\/wp\/v2\/comments?post=135581"}],"wp:featuredmedia":[{"embeddable":true,"href":"https:\/\/store.ie.edu\/es\/wp-json\/wp\/v2\/media\/135630"}],"wp:attachment":[{"href":"https:\/\/store.ie.edu\/es\/wp-json\/wp\/v2\/media?parent=135581"}],"wp:term":[{"taxonomy":"product_brand","embeddable":true,"href":"https:\/\/store.ie.edu\/es\/wp-json\/wp\/v2\/product_brand?post=135581"},{"taxonomy":"product_cat","embeddable":true,"href":"https:\/\/store.ie.edu\/es\/wp-json\/wp\/v2\/product_cat?post=135581"},{"taxonomy":"product_tag","embeddable":true,"href":"https:\/\/store.ie.edu\/es\/wp-json\/wp\/v2\/product_tag?post=135581"}],"curies":[{"name":"wp","href":"https:\/\/api.w.org\/{rel}","templated":true}]}}