{"id":135562,"date":"2024-02-19T19:28:11","date_gmt":"2024-02-19T18:28:11","guid":{"rendered":"https:\/\/store.ie.edu\/product\/sin%20categor\u00eda\/dot-ie-bracelet\/"},"modified":"2026-05-04T13:53:06","modified_gmt":"2026-05-04T11:53:06","slug":"dot-ie-bracelet","status":"publish","type":"product","link":"https:\/\/store.ie.edu\/es\/producto\/hombre\/detalles-finales\/dot-ie-bracelet\/","title":{"rendered":"Pulsera Dot IE University"},"content":{"rendered":"<p data-start=\"1893\" data-end=\"1989\">La pulsera IE University Dot combina dise\u00f1o contempor\u00e1neo con una est\u00e9tica limpia y minimalista.<\/p>\n<p data-start=\"1991\" data-end=\"2265\">Forma parte de la colecci\u00f3n de joyer\u00eda IE dise\u00f1ada por Saskia Bostelmann y est\u00e1 elaborada artesanalmente en Espa\u00f1a. Disponible en plata de ley 925 o lat\u00f3n chapado en oro de 23k, incorpora un cord\u00f3n de algod\u00f3n japon\u00e9s con cierre ajustable que aporta comodidad y versatilidad.<\/p>\n<p data-start=\"2267\" data-end=\"2381\">Con un grabado sutil de IE, es una pieza pensada para llevar sola o combinada con otros elementos de la colecci\u00f3n.<\/p>\n<p data-start=\"2383\" data-end=\"2409\"><strong data-start=\"2383\" data-end=\"2409\">Caracter\u00edsticas clave:<\/strong><\/p>\n<ul data-start=\"2410\" data-end=\"2693\">\n<li data-section-id=\"1xy1j4x\" data-start=\"2410\" data-end=\"2471\">Disponible en plata de ley 925 o lat\u00f3n chapado en oro 23k<\/li>\n<li data-section-id=\"8swjde\" data-start=\"2472\" data-end=\"2507\">Dise\u00f1o geom\u00e9trico y minimalista<\/li>\n<li data-section-id=\"vhtsix\" data-start=\"2508\" data-end=\"2558\">Cord\u00f3n de algod\u00f3n japon\u00e9s con cierre ajustable<\/li>\n<li data-section-id=\"5lpx2q\" data-start=\"2559\" data-end=\"2578\">Ligera y c\u00f3moda<\/li>\n<li data-section-id=\"1s4onw8\" data-start=\"2579\" data-end=\"2593\">Grabado IE<\/li>\n<li data-section-id=\"pl6q1y\" data-start=\"2594\" data-end=\"2628\">Dise\u00f1ada por Saskia Bostelmann<\/li>\n<li data-section-id=\"98ah59\" data-start=\"2629\" data-end=\"2652\">Fabricada en Espa\u00f1a<\/li>\n<li data-section-id=\"wpv608\" data-start=\"2653\" data-end=\"2693\">Apta para uso diario o combinaciones<\/li>\n<\/ul>\n","protected":false},"excerpt":{"rendered":"<p data-start=\"1715\" data-end=\"1812\">Pulsera IE University con dise\u00f1o geom\u00e9trico, disponible en plata de ley o acabado chapado en oro.<\/p>\n<p data-start=\"1814\" data-end=\"1860\">Ligera, vers\u00e1til y pensada para el uso diario.<\/p>\n","protected":false},"featured_media":135628,"comment_status":"open","ping_status":"closed","template":"","meta":{"_seopress_robots_primary_cat":"none","_seopress_titles_title":"","_seopress_titles_desc":"","_seopress_robots_index":""},"product_brand":[],"product_cat":[885,909,203,859,202],"product_tag":[],"class_list":{"0":"post-135562","1":"product","2":"type-product","3":"status-publish","4":"has-post-thumbnail","6":"product_cat-detalles-finales","7":"product_cat-esenciales-ie","8":"product_cat-hombre","9":"product_cat-joyeria","10":"product_cat-mujer","12":"first","13":"instock","14":"taxable","15":"shipping-taxable","16":"purchasable","17":"product-type-variable","18":"thumb-has-effect","19":"prod-rating-off"},"_links":{"self":[{"href":"https:\/\/store.ie.edu\/es\/wp-json\/wp\/v2\/product\/135562","targetHints":{"allow":["GET"]}}],"collection":[{"href":"https:\/\/store.ie.edu\/es\/wp-json\/wp\/v2\/product"}],"about":[{"href":"https:\/\/store.ie.edu\/es\/wp-json\/wp\/v2\/types\/product"}],"replies":[{"embeddable":true,"href":"https:\/\/store.ie.edu\/es\/wp-json\/wp\/v2\/comments?post=135562"}],"wp:featuredmedia":[{"embeddable":true,"href":"https:\/\/store.ie.edu\/es\/wp-json\/wp\/v2\/media\/135628"}],"wp:attachment":[{"href":"https:\/\/store.ie.edu\/es\/wp-json\/wp\/v2\/media?parent=135562"}],"wp:term":[{"taxonomy":"product_brand","embeddable":true,"href":"https:\/\/store.ie.edu\/es\/wp-json\/wp\/v2\/product_brand?post=135562"},{"taxonomy":"product_cat","embeddable":true,"href":"https:\/\/store.ie.edu\/es\/wp-json\/wp\/v2\/product_cat?post=135562"},{"taxonomy":"product_tag","embeddable":true,"href":"https:\/\/store.ie.edu\/es\/wp-json\/wp\/v2\/product_tag?post=135562"}],"curies":[{"name":"wp","href":"https:\/\/api.w.org\/{rel}","templated":true}]}}