{"id":135543,"date":"2024-02-19T19:01:39","date_gmt":"2024-02-19T18:01:39","guid":{"rendered":"https:\/\/store.ie.edu\/product\/sin%20categor\u00eda\/revolve-ie-silver-charm\/"},"modified":"2025-05-19T16:42:36","modified_gmt":"2025-05-19T14:42:36","slug":"revolve-ie-silver-charm","status":"publish","type":"product","link":"https:\/\/store.ie.edu\/es\/producto\/hombre\/detalles-finales\/revolve-ie-silver-charm\/","title":{"rendered":"<b>Charm Revolve IE en plata<\/b>"},"content":{"rendered":"","protected":false},"excerpt":{"rendered":"<p class=\"\" data-start=\"229\" data-end=\"271\"><strong data-start=\"229\" data-end=\"271\">Elegancia atemporal con perspectiva IE.<\/strong><\/p>\n<p class=\"\" data-start=\"273\" data-end=\"547\">Descubre la nueva colecci\u00f3n de joyer\u00eda de IE, creada por <strong data-start=\"330\" data-end=\"351\">Saskia Bostelmann<\/strong>, dise\u00f1adora, joyera y profesora en la IE School of Architecture &amp; Design.<br data-start=\"424\" data-end=\"427\" \/>Cada pieza fusiona <strong data-start=\"446\" data-end=\"472\">innovaci\u00f3n y tradici\u00f3n<\/strong>, dando lugar a una joya contempor\u00e1nea, sostenible y hecha a mano en Espa\u00f1a.<\/p>\n<p class=\"\" data-start=\"549\" data-end=\"868\">El <strong data-start=\"552\" data-end=\"573\">charm R-evolve IE<\/strong>, elaborado en <strong data-start=\"588\" data-end=\"608\">plata de ley 925<\/strong>, representa la elegancia precisa, el minimalismo depurado y una perspectiva \u00fanica<br data-start=\"690\" data-end=\"693\" \/>Porque en IE, <strong data-start=\"707\" data-end=\"740\">ves la vida desde otro \u00e1ngulo.<\/strong><br data-start=\"740\" data-end=\"743\" \/>Su dise\u00f1o geom\u00e9trico refinado lo convierte en una joya con car\u00e1cter, que combina est\u00e9tica moderna con sofisticaci\u00f3n atemporal<\/p>\n<p class=\"\" data-start=\"870\" data-end=\"1073\"><strong data-start=\"870\" data-end=\"919\">Exclusividad y versatilidad en una sola pieza.<\/strong><br data-start=\"919\" data-end=\"922\" \/>Luce el <strong data-start=\"930\" data-end=\"958\">R-evolve IE Silver Charm<\/strong> solo, para un look audaz, o comb\u00ednalo con la <strong data-start=\"1004\" data-end=\"1034\">cadena Mouse Tail en plata<\/strong> para un estilo m\u00e1s personal y en capas.<\/p>\n<p class=\"\" data-start=\"1075\" data-end=\"1151\"><strong data-start=\"1078\" data-end=\"1151\">Cons\u00edguelo ahora en IE Store y lleva contigo el ADN de IE con orgullo.<\/strong><\/p>\n","protected":false},"featured_media":135530,"comment_status":"open","ping_status":"closed","template":"","meta":{"_seopress_robots_primary_cat":"none","_seopress_titles_title":"","_seopress_titles_desc":"","_seopress_robots_index":""},"product_brand":[],"product_cat":[464,885,201,203,859,202],"product_tag":[],"class_list":{"0":"post-135543","1":"product","2":"type-product","3":"status-publish","4":"has-post-thumbnail","6":"product_cat-accesorios","7":"product_cat-detalles-finales","8":"product_cat-accessorios","9":"product_cat-hombre","10":"product_cat-joyeria","11":"product_cat-mujer","13":"first","14":"instock","15":"taxable","16":"shipping-taxable","17":"purchasable","18":"product-type-simple","19":"thumb-has-effect","20":"prod-rating-off"},"_links":{"self":[{"href":"https:\/\/store.ie.edu\/es\/wp-json\/wp\/v2\/product\/135543","targetHints":{"allow":["GET"]}}],"collection":[{"href":"https:\/\/store.ie.edu\/es\/wp-json\/wp\/v2\/product"}],"about":[{"href":"https:\/\/store.ie.edu\/es\/wp-json\/wp\/v2\/types\/product"}],"replies":[{"embeddable":true,"href":"https:\/\/store.ie.edu\/es\/wp-json\/wp\/v2\/comments?post=135543"}],"wp:featuredmedia":[{"embeddable":true,"href":"https:\/\/store.ie.edu\/es\/wp-json\/wp\/v2\/media\/135530"}],"wp:attachment":[{"href":"https:\/\/store.ie.edu\/es\/wp-json\/wp\/v2\/media?parent=135543"}],"wp:term":[{"taxonomy":"product_brand","embeddable":true,"href":"https:\/\/store.ie.edu\/es\/wp-json\/wp\/v2\/product_brand?post=135543"},{"taxonomy":"product_cat","embeddable":true,"href":"https:\/\/store.ie.edu\/es\/wp-json\/wp\/v2\/product_cat?post=135543"},{"taxonomy":"product_tag","embeddable":true,"href":"https:\/\/store.ie.edu\/es\/wp-json\/wp\/v2\/product_tag?post=135543"}],"curies":[{"name":"wp","href":"https:\/\/api.w.org\/{rel}","templated":true}]}}