{"id":135437,"date":"2024-02-15T17:27:06","date_gmt":"2024-02-15T16:27:06","guid":{"rendered":"https:\/\/store.ie.edu\/product\/sin%20categor\u00eda\/lululemon-align-top-tank-ieu\/"},"modified":"2025-11-06T18:34:49","modified_gmt":"2025-11-06T17:34:49","slug":"lululemon-align-top-tank-ieu","status":"publish","type":"product","link":"https:\/\/store.ie.edu\/es\/producto\/colaboraciones\/lululemon-es\/lululemon-align-top-tank-ieu\/","title":{"rendered":"<b>Lululemon Align Top Tank IEU<\/b>"},"content":{"rendered":"","protected":false},"excerpt":{"rendered":"<p>Top con sujetador incorporado para mayor sujeci\u00f3n y cobertura. Bolsillos para copas opcionales y extra\u00edbles que se ajustan a las tallas de copas A\/B y copas C\/D. Ajuste ce\u00f1ido que reafirma el cuerpo, con un corte recortado por encima de la cintura, perfecto con pantalones de tiro alto. Tan suave que no pesa. El\u00e1stico en todas las direcciones. Absorbe el sudor. Transpirable. Fibra Lycra\u00ae a\u00f1adida para mantener la elasticidad y la forma. Forro del sujetador: 81% nailon, 19% licra elast\u00e1n. Cuerpo: 81% nailon, 19% licra elast\u00e1n. Capa intermedia: 89% nailon, 11% elast\u00e1n. Cuando sentir nada es todo.Cuidado; Lavar a m\u00e1quina en fr\u00edo, no usar lej\u00eda. No planchar<\/p>\n","protected":false},"featured_media":146102,"comment_status":"open","ping_status":"closed","template":"","meta":{"_seopress_robots_primary_cat":"none","_seopress_titles_title":"","_seopress_titles_desc":"","_seopress_robots_index":""},"product_brand":[],"product_cat":[864,871,862],"product_tag":[],"class_list":{"0":"post-135437","1":"product","2":"type-product","3":"status-publish","4":"has-post-thumbnail","6":"product_cat-colaboraciones","7":"product_cat-lululemon-es","8":"product_cat-ropa-deportiva","9":"pa_colour-negro","11":"first","12":"outofstock","13":"taxable","14":"shipping-taxable","15":"purchasable","16":"product-type-variable","17":"thumb-has-effect","18":"prod-rating-off"},"_links":{"self":[{"href":"https:\/\/store.ie.edu\/es\/wp-json\/wp\/v2\/product\/135437","targetHints":{"allow":["GET"]}}],"collection":[{"href":"https:\/\/store.ie.edu\/es\/wp-json\/wp\/v2\/product"}],"about":[{"href":"https:\/\/store.ie.edu\/es\/wp-json\/wp\/v2\/types\/product"}],"replies":[{"embeddable":true,"href":"https:\/\/store.ie.edu\/es\/wp-json\/wp\/v2\/comments?post=135437"}],"wp:featuredmedia":[{"embeddable":true,"href":"https:\/\/store.ie.edu\/es\/wp-json\/wp\/v2\/media\/146102"}],"wp:attachment":[{"href":"https:\/\/store.ie.edu\/es\/wp-json\/wp\/v2\/media?parent=135437"}],"wp:term":[{"taxonomy":"product_brand","embeddable":true,"href":"https:\/\/store.ie.edu\/es\/wp-json\/wp\/v2\/product_brand?post=135437"},{"taxonomy":"product_cat","embeddable":true,"href":"https:\/\/store.ie.edu\/es\/wp-json\/wp\/v2\/product_cat?post=135437"},{"taxonomy":"product_tag","embeddable":true,"href":"https:\/\/store.ie.edu\/es\/wp-json\/wp\/v2\/product_tag?post=135437"}],"curies":[{"name":"wp","href":"https:\/\/api.w.org\/{rel}","templated":true}]}}