{"id":134113,"date":"2023-11-20T13:56:33","date_gmt":"2023-11-20T12:56:33","guid":{"rendered":"https:\/\/store.ie.edu\/product\/sin%20categor\u00eda\/jimmy-lion-ie-university-casual-socks\/"},"modified":"2026-05-05T15:58:17","modified_gmt":"2026-05-05T13:58:17","slug":"jimmy-lion-ie-university-casual-socks","status":"publish","type":"product","link":"https:\/\/store.ie.edu\/es\/producto\/colaboraciones\/jimmy-lion-es\/jimmy-lion-ie-university-casual-socks\/","title":{"rendered":"Calcetines IE University Jimmy Lion"},"content":{"rendered":"<p data-start=\"1647\" data-end=\"1760\">Los calcetines IE University de Jimmy Lion combinan comodidad y dise\u00f1o en una prenda vers\u00e1til para el uso diario.<\/p>\n<p data-start=\"1762\" data-end=\"1933\">Fabricados en algod\u00f3n org\u00e1nico, ofrecen una textura suave y transpirable. Su longitud media y su construcci\u00f3n flexible garantizan un ajuste c\u00f3modo durante toda la jornada.<\/p>\n<p data-start=\"1935\" data-end=\"2052\">Con un dise\u00f1o limpio, son f\u00e1ciles de combinar con diferentes estilos, tanto para looks casual como para el d\u00eda a d\u00eda.<\/p>\n<p data-start=\"2054\" data-end=\"2080\"><strong data-start=\"2054\" data-end=\"2080\">Caracter\u00edsticas clave:<\/strong><\/p>\n<ul data-start=\"2081\" data-end=\"2267\">\n<li data-start=\"2081\" data-end=\"2111\">Tejido de algod\u00f3n org\u00e1nico<\/li>\n<li data-start=\"2112\" data-end=\"2138\">Suaves y transpirables<\/li>\n<li data-start=\"2139\" data-end=\"2167\">Ajuste c\u00f3modo y flexible<\/li>\n<li data-start=\"2168\" data-end=\"2194\">Largo medio (mid-calf)<\/li>\n<li data-start=\"2195\" data-end=\"2239\">Dise\u00f1ados en colaboraci\u00f3n con Jimmy Lion<\/li>\n<li data-start=\"2240\" data-end=\"2267\">Ideales para uso diario<\/li>\n<\/ul>\n","protected":false},"excerpt":{"rendered":"<p data-start=\"1439\" data-end=\"1564\">Calcetines IE University de Jimmy Lion, confeccionados en algod\u00f3n org\u00e1nico para ofrecer comodidad en el d\u00eda a d\u00eda.<\/p>\n<p data-start=\"1566\" data-end=\"1611\">Suaves, transpirables y con un ajuste c\u00f3modo.<\/p>\n","protected":false},"featured_media":135066,"comment_status":"open","ping_status":"closed","template":"","meta":{"_seopress_robots_primary_cat":"none","_seopress_titles_title":"","_seopress_titles_desc":"","_seopress_robots_index":""},"product_brand":[],"product_cat":[201,864,240,203,879,202],"product_tag":[],"class_list":{"0":"post-134113","1":"product","2":"type-product","3":"status-publish","4":"has-post-thumbnail","6":"product_cat-accessorios","7":"product_cat-colaboraciones","8":"product_cat-generico","9":"product_cat-hombre","10":"product_cat-jimmy-lion-es","11":"product_cat-mujer","13":"first","14":"instock","15":"taxable","16":"shipping-taxable","17":"purchasable","18":"product-type-variable","19":"thumb-has-effect","20":"prod-rating-off"},"_links":{"self":[{"href":"https:\/\/store.ie.edu\/es\/wp-json\/wp\/v2\/product\/134113","targetHints":{"allow":["GET"]}}],"collection":[{"href":"https:\/\/store.ie.edu\/es\/wp-json\/wp\/v2\/product"}],"about":[{"href":"https:\/\/store.ie.edu\/es\/wp-json\/wp\/v2\/types\/product"}],"replies":[{"embeddable":true,"href":"https:\/\/store.ie.edu\/es\/wp-json\/wp\/v2\/comments?post=134113"}],"wp:featuredmedia":[{"embeddable":true,"href":"https:\/\/store.ie.edu\/es\/wp-json\/wp\/v2\/media\/135066"}],"wp:attachment":[{"href":"https:\/\/store.ie.edu\/es\/wp-json\/wp\/v2\/media?parent=134113"}],"wp:term":[{"taxonomy":"product_brand","embeddable":true,"href":"https:\/\/store.ie.edu\/es\/wp-json\/wp\/v2\/product_brand?post=134113"},{"taxonomy":"product_cat","embeddable":true,"href":"https:\/\/store.ie.edu\/es\/wp-json\/wp\/v2\/product_cat?post=134113"},{"taxonomy":"product_tag","embeddable":true,"href":"https:\/\/store.ie.edu\/es\/wp-json\/wp\/v2\/product_tag?post=134113"}],"curies":[{"name":"wp","href":"https:\/\/api.w.org\/{rel}","templated":true}]}}