{"id":133781,"date":"2023-10-04T19:49:39","date_gmt":"2023-10-04T17:49:39","guid":{"rendered":"https:\/\/store.ie.edu\/product\/sin%20categor\u00eda\/ie-university-sm-t-shirt\/"},"modified":"2026-05-04T13:41:11","modified_gmt":"2026-05-04T11:41:11","slug":"ie-university-sm-t-shirt","status":"publish","type":"product","link":"https:\/\/store.ie.edu\/es\/producto\/hombre\/camisetas-hombre\/ie-university-sm-t-shirt\/","title":{"rendered":"Camiseta IE University SM"},"content":{"rendered":"<p data-start=\"1541\" data-end=\"1628\">La camiseta IE University combina comodidad y sencillez en un dise\u00f1o limpio y vers\u00e1til.<\/p>\n<p data-start=\"1630\" data-end=\"1844\">Fabricada en algod\u00f3n org\u00e1nico, ofrece una textura suave y transpirable para el uso diario. Su cuello redondo acanalado garantiza un ajuste c\u00f3modo, mientras que el logo de IE University aporta un detalle distintivo.<\/p>\n<p data-start=\"1846\" data-end=\"1947\">Una prenda vers\u00e1til pensada para adaptarse f\u00e1cilmente a diferentes estilos dentro y fuera del campus.<\/p>\n<p data-start=\"1949\" data-end=\"1975\"><strong data-start=\"1949\" data-end=\"1975\">Caracter\u00edsticas clave:<\/strong><\/p>\n<ul data-start=\"1976\" data-end=\"2136\">\n<li data-section-id=\"l7rrx8\" data-start=\"1976\" data-end=\"2006\">Tejido de algod\u00f3n org\u00e1nico<\/li>\n<li data-section-id=\"968vdq\" data-start=\"2007\" data-end=\"2031\">Suave y transpirable<\/li>\n<li data-section-id=\"r3j6w7\" data-start=\"2032\" data-end=\"2060\">Cuello redondo acanalado<\/li>\n<li data-section-id=\"ygvtm5\" data-start=\"2061\" data-end=\"2078\">Ajuste c\u00f3modo<\/li>\n<li data-section-id=\"12p9fu3\" data-start=\"2079\" data-end=\"2101\">Logo IE University<\/li>\n<li data-section-id=\"gdwxtq\" data-start=\"2102\" data-end=\"2136\">Ideal para campus y uso diario<\/li>\n<\/ul>\n","protected":false},"excerpt":{"rendered":"<p data-start=\"1326\" data-end=\"1446\">Camiseta IE University confeccionada en algod\u00f3n org\u00e1nico, dise\u00f1ada para ofrecer comodidad y un estilo limpio y vers\u00e1til.<\/p>\n<p data-start=\"1448\" data-end=\"1507\">Suave, transpirable e ideal para el campus y el uso diario.<\/p>\n","protected":false},"featured_media":133776,"comment_status":"open","ping_status":"closed","template":"","meta":{"_seopress_robots_primary_cat":"none","_seopress_titles_title":"","_seopress_titles_desc":"","_seopress_robots_index":""},"product_brand":[],"product_cat":[205,206,203,202],"product_tag":[],"class_list":{"0":"post-133781","1":"product","2":"type-product","3":"status-publish","4":"has-post-thumbnail","6":"product_cat-camisetas-mujer","7":"product_cat-camisetas-hombre","8":"product_cat-hombre","9":"product_cat-mujer","10":"pa_colour-navy-es","12":"first","13":"instock","14":"taxable","15":"shipping-taxable","16":"purchasable","17":"product-type-variable","18":"thumb-has-effect","19":"prod-rating-off"},"_links":{"self":[{"href":"https:\/\/store.ie.edu\/es\/wp-json\/wp\/v2\/product\/133781","targetHints":{"allow":["GET"]}}],"collection":[{"href":"https:\/\/store.ie.edu\/es\/wp-json\/wp\/v2\/product"}],"about":[{"href":"https:\/\/store.ie.edu\/es\/wp-json\/wp\/v2\/types\/product"}],"replies":[{"embeddable":true,"href":"https:\/\/store.ie.edu\/es\/wp-json\/wp\/v2\/comments?post=133781"}],"wp:featuredmedia":[{"embeddable":true,"href":"https:\/\/store.ie.edu\/es\/wp-json\/wp\/v2\/media\/133776"}],"wp:attachment":[{"href":"https:\/\/store.ie.edu\/es\/wp-json\/wp\/v2\/media?parent=133781"}],"wp:term":[{"taxonomy":"product_brand","embeddable":true,"href":"https:\/\/store.ie.edu\/es\/wp-json\/wp\/v2\/product_brand?post=133781"},{"taxonomy":"product_cat","embeddable":true,"href":"https:\/\/store.ie.edu\/es\/wp-json\/wp\/v2\/product_cat?post=133781"},{"taxonomy":"product_tag","embeddable":true,"href":"https:\/\/store.ie.edu\/es\/wp-json\/wp\/v2\/product_tag?post=133781"}],"curies":[{"name":"wp","href":"https:\/\/api.w.org\/{rel}","templated":true}]}}