{"id":133698,"date":"2023-09-26T17:09:07","date_gmt":"2023-09-26T15:09:07","guid":{"rendered":"https:\/\/store.ie.edu\/product\/sin%20categor\u00eda\/legging-align-lululemon-ieu\/"},"modified":"2026-05-04T14:26:46","modified_gmt":"2026-05-04T12:26:46","slug":"legging-align-lululemon-ieu","status":"publish","type":"product","link":"https:\/\/store.ie.edu\/es\/producto\/colaboraciones\/lululemon-es\/legging-align-lululemon-ieu\/","title":{"rendered":"Legging IE University Align Lululemon Nulu\u2122"},"content":{"rendered":"<p data-start=\"1838\" data-end=\"1948\">Los leggings IE University Align de Lululemon combinan rendimiento t\u00e9cnico con un dise\u00f1o limpio y minimalista.<\/p>\n<p data-start=\"1950\" data-end=\"2195\">Fabricados en tejido Nulu\u2122, ofrecen una textura ultra suave, transpirable y ligera. Su tiro alto proporciona sujeci\u00f3n y una silueta estilizada, mientras que su elasticidad en cuatro direcciones permite libertad de movimiento durante todo el d\u00eda.<\/p>\n<p data-start=\"2197\" data-end=\"2293\">Con costuras m\u00ednimas para un acabado uniforme, se adaptan tanto al uso activo como al d\u00eda a d\u00eda.<\/p>\n<p data-start=\"2295\" data-end=\"2321\"><strong data-start=\"2295\" data-end=\"2321\">Caracter\u00edsticas clave:<\/strong><\/p>\n<ul data-start=\"2322\" data-end=\"2578\">\n<li data-section-id=\"19ota1c\" data-start=\"2322\" data-end=\"2369\">Tejido Nulu\u2122 (suave, ligero y transpirable)<\/li>\n<li data-section-id=\"6sxhpa\" data-start=\"2370\" data-end=\"2383\">Tiro alto<\/li>\n<li data-section-id=\"17qcxlg\" data-start=\"2384\" data-end=\"2421\">Elasticidad en cuatro direcciones<\/li>\n<li data-section-id=\"e6qvnm\" data-start=\"2422\" data-end=\"2465\">Costuras m\u00ednimas para un acabado limpio<\/li>\n<li data-section-id=\"lfgl7\" data-start=\"2466\" data-end=\"2497\">Dise\u00f1o c\u00f3modo y favorecedor<\/li>\n<li data-section-id=\"fo4n6n\" data-start=\"2498\" data-end=\"2541\">Dise\u00f1ados en colaboraci\u00f3n con Lululemon<\/li>\n<li data-section-id=\"1nkoc47\" data-start=\"2542\" data-end=\"2578\">Ideales para uso activo y diario<\/li>\n<\/ul>\n","protected":false},"excerpt":{"rendered":"<p data-start=\"1605\" data-end=\"1723\">Leggings IE University Align de Lululemon, confeccionados en tejido Nulu\u2122 para una sensaci\u00f3n suave, ligera y flexible.<\/p>\n<p data-start=\"1725\" data-end=\"1805\">Dise\u00f1ados para ofrecer comodidad en movimiento y un ajuste limpio y favorecedor.<\/p>\n","protected":false},"featured_media":135442,"comment_status":"closed","ping_status":"closed","template":"","meta":{"_seopress_robots_primary_cat":"none","_seopress_titles_title":"","_seopress_titles_desc":"","_seopress_robots_index":""},"product_brand":[],"product_cat":[910,864,871],"product_tag":[],"class_list":{"0":"post-133698","1":"product","2":"type-product","3":"status-publish","4":"has-post-thumbnail","6":"product_cat-bestsellers-es","7":"product_cat-colaboraciones","8":"product_cat-lululemon-es","9":"pa_colour-navy-es","10":"pa_colour-negro","12":"first","13":"instock","14":"taxable","15":"shipping-taxable","16":"purchasable","17":"product-type-variable","18":"thumb-has-effect","19":"prod-rating-off"},"_links":{"self":[{"href":"https:\/\/store.ie.edu\/es\/wp-json\/wp\/v2\/product\/133698","targetHints":{"allow":["GET"]}}],"collection":[{"href":"https:\/\/store.ie.edu\/es\/wp-json\/wp\/v2\/product"}],"about":[{"href":"https:\/\/store.ie.edu\/es\/wp-json\/wp\/v2\/types\/product"}],"replies":[{"embeddable":true,"href":"https:\/\/store.ie.edu\/es\/wp-json\/wp\/v2\/comments?post=133698"}],"wp:featuredmedia":[{"embeddable":true,"href":"https:\/\/store.ie.edu\/es\/wp-json\/wp\/v2\/media\/135442"}],"wp:attachment":[{"href":"https:\/\/store.ie.edu\/es\/wp-json\/wp\/v2\/media?parent=133698"}],"wp:term":[{"taxonomy":"product_brand","embeddable":true,"href":"https:\/\/store.ie.edu\/es\/wp-json\/wp\/v2\/product_brand?post=133698"},{"taxonomy":"product_cat","embeddable":true,"href":"https:\/\/store.ie.edu\/es\/wp-json\/wp\/v2\/product_cat?post=133698"},{"taxonomy":"product_tag","embeddable":true,"href":"https:\/\/store.ie.edu\/es\/wp-json\/wp\/v2\/product_tag?post=133698"}],"curies":[{"name":"wp","href":"https:\/\/api.w.org\/{rel}","templated":true}]}}