{"id":133634,"date":"2023-09-13T18:44:04","date_gmt":"2023-09-13T16:44:04","guid":{"rendered":"https:\/\/store.ie.edu\/product\/sin%20categor\u00eda\/sport-bag-ie-university\/"},"modified":"2026-05-04T14:22:34","modified_gmt":"2026-05-04T12:22:34","slug":"sport-bag-ie-university","status":"publish","type":"product","link":"https:\/\/store.ie.edu\/es\/producto\/colaboraciones\/lefrik-es\/sport-bag-ie-university\/","title":{"rendered":"Bolsa de Deporte con Logo IE University"},"content":{"rendered":"<p data-start=\"1765\" data-end=\"1872\">La bolsa deportiva IE University combina funcionalidad y sencillez en un dise\u00f1o vers\u00e1til para el d\u00eda a d\u00eda.<\/p>\n<p data-start=\"1874\" data-end=\"2068\">Fabricada en tejido RPET reciclado, ofrece una estructura ligera y resistente. Su formato amplio, junto con bolsillos interiores y exteriores, facilita la organizaci\u00f3n de los objetos personales.<\/p>\n<p data-start=\"2070\" data-end=\"2239\">Incorpora asas de algod\u00f3n y una correa ajustable, permitiendo un transporte c\u00f3modo en diferentes situaciones, desde el gimnasio hasta el campus o desplazamientos cortos.<\/p>\n<p data-start=\"2241\" data-end=\"2267\"><strong data-start=\"2241\" data-end=\"2267\">Caracter\u00edsticas clave:<\/strong><\/p>\n<ul data-start=\"2268\" data-end=\"2466\">\n<li data-section-id=\"m31v96\" data-start=\"2268\" data-end=\"2293\">Tejido RPET reciclado<\/li>\n<li data-section-id=\"a6lkr9\" data-start=\"2294\" data-end=\"2317\">Ligera y resistente<\/li>\n<li data-section-id=\"1i5idv0\" data-start=\"2318\" data-end=\"2355\">Bolsillos interiores y exteriores<\/li>\n<li data-section-id=\"1ixr0ad\" data-start=\"2356\" data-end=\"2375\">Asas de algod\u00f3n<\/li>\n<li data-section-id=\"8ffzmb\" data-start=\"2376\" data-end=\"2396\">Correa ajustable<\/li>\n<li data-section-id=\"ve406b\" data-start=\"2397\" data-end=\"2425\">Medidas: 48 x 24 x 24 cm<\/li>\n<li data-section-id=\"zzgrx4\" data-start=\"2426\" data-end=\"2466\">Ideal para gimnasio, campus y viajes<\/li>\n<\/ul>\n","protected":false},"excerpt":{"rendered":"<p data-start=\"1546\" data-end=\"1674\">Bolsa deportiva IE University fabricada con materiales reciclados, dise\u00f1ada para el uso diario con un estilo limpio y funcional.<\/p>\n<p data-start=\"1676\" data-end=\"1732\">Ligera, vers\u00e1til e ideal para gimnasio, campus y viajes.<\/p>\n","protected":false},"featured_media":133894,"comment_status":"open","ping_status":"closed","template":"","meta":{"_seopress_robots_primary_cat":"none","_seopress_titles_title":"","_seopress_titles_desc":"","_seopress_robots_index":""},"product_brand":[],"product_cat":[201,910,213,864,908,909,881,906],"product_tag":[],"class_list":{"0":"post-133634","1":"product","2":"type-product","3":"status-publish","4":"has-post-thumbnail","6":"product_cat-accessorios","7":"product_cat-bestsellers-es","8":"product_cat-bolsas-fundas","9":"product_cat-colaboraciones","10":"product_cat-esenciales-viaje","11":"product_cat-esenciales-ie","12":"product_cat-lefrik-es","13":"product_cat-vida-campus","15":"first","16":"instock","17":"taxable","18":"shipping-taxable","19":"purchasable","20":"product-type-simple","21":"thumb-has-effect","22":"prod-rating-off"},"_links":{"self":[{"href":"https:\/\/store.ie.edu\/es\/wp-json\/wp\/v2\/product\/133634","targetHints":{"allow":["GET"]}}],"collection":[{"href":"https:\/\/store.ie.edu\/es\/wp-json\/wp\/v2\/product"}],"about":[{"href":"https:\/\/store.ie.edu\/es\/wp-json\/wp\/v2\/types\/product"}],"replies":[{"embeddable":true,"href":"https:\/\/store.ie.edu\/es\/wp-json\/wp\/v2\/comments?post=133634"}],"wp:featuredmedia":[{"embeddable":true,"href":"https:\/\/store.ie.edu\/es\/wp-json\/wp\/v2\/media\/133894"}],"wp:attachment":[{"href":"https:\/\/store.ie.edu\/es\/wp-json\/wp\/v2\/media?parent=133634"}],"wp:term":[{"taxonomy":"product_brand","embeddable":true,"href":"https:\/\/store.ie.edu\/es\/wp-json\/wp\/v2\/product_brand?post=133634"},{"taxonomy":"product_cat","embeddable":true,"href":"https:\/\/store.ie.edu\/es\/wp-json\/wp\/v2\/product_cat?post=133634"},{"taxonomy":"product_tag","embeddable":true,"href":"https:\/\/store.ie.edu\/es\/wp-json\/wp\/v2\/product_tag?post=133634"}],"curies":[{"name":"wp","href":"https:\/\/api.w.org\/{rel}","templated":true}]}}