{"id":133630,"date":"2023-09-13T18:38:08","date_gmt":"2023-09-13T16:38:08","guid":{"rendered":"https:\/\/store.ie.edu\/product\/sin%20categor\u00eda\/sport-bag-logo-ieu-branded\/"},"modified":"2025-04-01T12:49:16","modified_gmt":"2025-04-01T10:49:16","slug":"sport-bag-logo-ieu-branded","status":"publish","type":"product","link":"https:\/\/store.ie.edu\/es\/producto\/colaboraciones\/lefrik-es\/sport-bag-logo-ieu-branded\/","title":{"rendered":"<b>Bolsa de Deporte con Logo IEU<\/b>"},"content":{"rendered":"<p class=\"\" data-start=\"156\" data-end=\"387\"><strong data-start=\"156\" data-end=\"170\">MATERIALES<\/strong><br data-start=\"170\" data-end=\"173\" \/>Tejido reciclado RPET<br data-start=\"198\" data-end=\"201\" \/>Material ligero y resistente<br data-start=\"237\" data-end=\"240\" \/>Asas con el logo de IE University impreso<br data-start=\"285\" data-end=\"288\" \/>Correa ajustable para el hombro<br data-start=\"323\" data-end=\"326\" \/>Bolsillos interiores y exteriores para mayor organizaci\u00f3n<\/p>\n<p class=\"\" data-start=\"389\" data-end=\"616\"><strong data-start=\"389\" data-end=\"401\">CUIDADOS<\/strong><br data-start=\"401\" data-end=\"404\" \/>Limpiar con un pa\u00f1o h\u00famedo<br data-start=\"434\" data-end=\"437\" \/>No lavar a m\u00e1quina ni usar secadora<br data-start=\"476\" data-end=\"479\" \/>Evitar la exposici\u00f3n prolongada al sol<br data-start=\"521\" data-end=\"524\" \/>No utilizar productos qu\u00edmicos agresivos<br data-start=\"568\" data-end=\"571\" \/>Guardar en un lugar seco cuando no se use<\/p>\n","protected":false},"excerpt":{"rendered":"<p class=\"\" data-start=\"632\" data-end=\"714\"><strong data-start=\"671\" data-end=\"714\">Tu d\u00eda a d\u00eda, con estilo y prop\u00f3sito IE<\/strong><\/p>\n<p class=\"\" data-start=\"716\" data-end=\"943\">Ligera, funcional y con un dise\u00f1o consciente, esta <strong data-start=\"767\" data-end=\"792\">bolsa deportiva negra<\/strong> con el <strong data-start=\"800\" data-end=\"837\">logo de IE University en las asas<\/strong> est\u00e1 fabricada con <strong data-start=\"857\" data-end=\"882\">tejido reciclado RPET<\/strong>, lo que la convierte en una opci\u00f3n <strong data-start=\"918\" data-end=\"943\">sostenible y duradera<\/strong><\/p>\n<p class=\"\" data-start=\"945\" data-end=\"1164\">Con una <strong data-start=\"953\" data-end=\"973\">capacidad de 22L<\/strong> y <strong data-start=\"976\" data-end=\"1006\">medidas de 48 x 24 x 24 cm<\/strong>, incluye <strong data-start=\"1016\" data-end=\"1048\">bolsillo interior y exterior<\/strong>, <strong data-start=\"1050\" data-end=\"1069\">dos asas cortas<\/strong> y una <strong data-start=\"1076\" data-end=\"1111\">correa ajustable para el hombro<\/strong>, que aporta comodidad y versatilidad en el d\u00eda a d\u00eda<\/p>\n<p class=\"\" data-start=\"1166\" data-end=\"1276\"><strong data-start=\"1166\" data-end=\"1226\">El equilibrio perfecto entre funcionalidad y esp\u00edritu IE<\/strong><br data-start=\"1226\" data-end=\"1229\" \/><strong data-start=\"1229\" data-end=\"1276\">Disponible ahora exclusivamente en IE Store<\/strong><\/p>\n","protected":false},"featured_media":133884,"comment_status":"open","ping_status":"closed","template":"","meta":{"_seopress_robots_primary_cat":"none","_seopress_titles_title":"","_seopress_titles_desc":"","_seopress_robots_index":""},"product_brand":[],"product_cat":[213,864,908,881,906],"product_tag":[],"class_list":{"0":"post-133630","1":"product","2":"type-product","3":"status-publish","4":"has-post-thumbnail","6":"product_cat-bolsas-fundas","7":"product_cat-colaboraciones","8":"product_cat-esenciales-viaje","9":"product_cat-lefrik-es","10":"product_cat-vida-campus","12":"first","13":"instock","14":"taxable","15":"shipping-taxable","16":"purchasable","17":"product-type-simple","18":"thumb-has-effect","19":"prod-rating-off"},"_links":{"self":[{"href":"https:\/\/store.ie.edu\/es\/wp-json\/wp\/v2\/product\/133630","targetHints":{"allow":["GET"]}}],"collection":[{"href":"https:\/\/store.ie.edu\/es\/wp-json\/wp\/v2\/product"}],"about":[{"href":"https:\/\/store.ie.edu\/es\/wp-json\/wp\/v2\/types\/product"}],"replies":[{"embeddable":true,"href":"https:\/\/store.ie.edu\/es\/wp-json\/wp\/v2\/comments?post=133630"}],"wp:featuredmedia":[{"embeddable":true,"href":"https:\/\/store.ie.edu\/es\/wp-json\/wp\/v2\/media\/133884"}],"wp:attachment":[{"href":"https:\/\/store.ie.edu\/es\/wp-json\/wp\/v2\/media?parent=133630"}],"wp:term":[{"taxonomy":"product_brand","embeddable":true,"href":"https:\/\/store.ie.edu\/es\/wp-json\/wp\/v2\/product_brand?post=133630"},{"taxonomy":"product_cat","embeddable":true,"href":"https:\/\/store.ie.edu\/es\/wp-json\/wp\/v2\/product_cat?post=133630"},{"taxonomy":"product_tag","embeddable":true,"href":"https:\/\/store.ie.edu\/es\/wp-json\/wp\/v2\/product_tag?post=133630"}],"curies":[{"name":"wp","href":"https:\/\/api.w.org\/{rel}","templated":true}]}}