{"id":133520,"date":"2023-07-11T18:52:55","date_gmt":"2023-07-11T16:52:55","guid":{"rendered":"https:\/\/store.ie.edu\/product\/sin%20categor\u00eda\/ieu-diversity-limited-edition-cool-bottle\/"},"modified":"2023-07-12T13:35:14","modified_gmt":"2023-07-12T11:35:14","slug":"ieu-diversity-limited-edition-cool-bottle","status":"publish","type":"product","link":"https:\/\/store.ie.edu\/es\/producto\/accesorios\/botellas-y-tazas\/ieu-diversity-limited-edition-cool-bottle\/","title":{"rendered":"Botella IEU Diversity Edici\u00f3n Limitada"},"content":{"rendered":"","protected":false},"excerpt":{"rendered":"<p>Edici\u00f3n limitada de IE University &#8220;Embrace Diversity of Thought&#8221;. Tecnolog\u00eda Triple Cool\u2122: Bebidas 36 horas fr\u00edas y 18 horas calientes. Acabado engomado. Herm\u00e9tico: tap\u00f3n antigoteo. Acero inoxidable grado alimenticio 18\/8. ftalatos y toxinas. Apto para bebidas \u00e1cidas y carbonatadas. No retiene ni desprende sabor ni olor. Sin condensaci\u00f3n: no sudar\u00e1 en tus manos. Permite superar los controles de seguridad en los aeropuertos. Lavar a mano \u00fanicamente.<\/p>\n","protected":false},"featured_media":133488,"comment_status":"open","ping_status":"closed","template":"","meta":{"_seopress_robots_primary_cat":"none","_seopress_titles_title":"","_seopress_titles_desc":"","_seopress_robots_index":""},"product_brand":[],"product_cat":[464,201,469,293],"product_tag":[],"class_list":{"0":"post-133520","1":"product","2":"type-product","3":"status-publish","4":"has-post-thumbnail","6":"product_cat-accesorios","7":"product_cat-accessorios","8":"product_cat-botellas-y-tazas","9":"product_cat-botellas-tazas","11":"first","12":"instock","13":"taxable","14":"shipping-taxable","15":"purchasable","16":"product-type-variable","17":"thumb-has-effect","18":"prod-rating-off"},"_links":{"self":[{"href":"https:\/\/store.ie.edu\/es\/wp-json\/wp\/v2\/product\/133520","targetHints":{"allow":["GET"]}}],"collection":[{"href":"https:\/\/store.ie.edu\/es\/wp-json\/wp\/v2\/product"}],"about":[{"href":"https:\/\/store.ie.edu\/es\/wp-json\/wp\/v2\/types\/product"}],"replies":[{"embeddable":true,"href":"https:\/\/store.ie.edu\/es\/wp-json\/wp\/v2\/comments?post=133520"}],"wp:featuredmedia":[{"embeddable":true,"href":"https:\/\/store.ie.edu\/es\/wp-json\/wp\/v2\/media\/133488"}],"wp:attachment":[{"href":"https:\/\/store.ie.edu\/es\/wp-json\/wp\/v2\/media?parent=133520"}],"wp:term":[{"taxonomy":"product_brand","embeddable":true,"href":"https:\/\/store.ie.edu\/es\/wp-json\/wp\/v2\/product_brand?post=133520"},{"taxonomy":"product_cat","embeddable":true,"href":"https:\/\/store.ie.edu\/es\/wp-json\/wp\/v2\/product_cat?post=133520"},{"taxonomy":"product_tag","embeddable":true,"href":"https:\/\/store.ie.edu\/es\/wp-json\/wp\/v2\/product_tag?post=133520"}],"curies":[{"name":"wp","href":"https:\/\/api.w.org\/{rel}","templated":true}]}}