{"id":133352,"date":"2023-06-02T14:20:29","date_gmt":"2023-06-02T12:20:29","guid":{"rendered":"https:\/\/store.ie.edu\/?post_type=product&#038;p=133352"},"modified":"2023-07-25T16:32:20","modified_gmt":"2023-07-25T14:32:20","slug":"cool-bottle-madrid-segovia","status":"publish","type":"product","link":"https:\/\/store.ie.edu\/es\/producto\/accesorios\/botellas-y-tazas\/cool-bottle-madrid-segovia\/","title":{"rendered":"Botella Met\u00e1lica Madrid-Segovia"},"content":{"rendered":"<p>Botella isot\u00e9rmica de IE University. Acabado en color blanco con dise\u00f1o exclusivo de los iconos m\u00e1s emblem\u00e1ticos de las dos ciudades en dos tonos de azul. Mantiene el fr\u00edo durante 36 horas y el calor durante 18 horas gracias a su tecnolog\u00eda Triple Cool\u2122. Completamente libre de BPA, ftalatos y toxinas. Herm\u00e9tico: tap\u00f3n a prueba de fugas. 500 ml. *Informaci\u00f3n importante: solo lavar a mano<\/p>\n","protected":false},"excerpt":{"rendered":"<p>Botella isot\u00e9rmica. Dise\u00f1o exclusivo de los iconos m\u00e1s emblem\u00e1ticos de las dos ciudades. Mantiene fr\u00edo durante 36 horas y caliente durante 18 horas.<\/p>\n","protected":false},"featured_media":143325,"comment_status":"open","ping_status":"closed","template":"","meta":{"_seopress_robots_primary_cat":"none","_seopress_titles_title":"","_seopress_titles_desc":"","_seopress_robots_index":""},"product_brand":[],"product_cat":[910,293,469],"product_tag":[],"class_list":{"0":"post-133352","1":"product","2":"type-product","3":"status-publish","4":"has-post-thumbnail","6":"product_cat-bestsellers-es","7":"product_cat-botellas-tazas","8":"product_cat-botellas-y-tazas","10":"first","11":"instock","12":"taxable","13":"shipping-taxable","14":"purchasable","15":"product-type-variable","16":"thumb-has-effect","17":"prod-rating-off"},"_links":{"self":[{"href":"https:\/\/store.ie.edu\/es\/wp-json\/wp\/v2\/product\/133352","targetHints":{"allow":["GET"]}}],"collection":[{"href":"https:\/\/store.ie.edu\/es\/wp-json\/wp\/v2\/product"}],"about":[{"href":"https:\/\/store.ie.edu\/es\/wp-json\/wp\/v2\/types\/product"}],"replies":[{"embeddable":true,"href":"https:\/\/store.ie.edu\/es\/wp-json\/wp\/v2\/comments?post=133352"}],"wp:featuredmedia":[{"embeddable":true,"href":"https:\/\/store.ie.edu\/es\/wp-json\/wp\/v2\/media\/143325"}],"wp:attachment":[{"href":"https:\/\/store.ie.edu\/es\/wp-json\/wp\/v2\/media?parent=133352"}],"wp:term":[{"taxonomy":"product_brand","embeddable":true,"href":"https:\/\/store.ie.edu\/es\/wp-json\/wp\/v2\/product_brand?post=133352"},{"taxonomy":"product_cat","embeddable":true,"href":"https:\/\/store.ie.edu\/es\/wp-json\/wp\/v2\/product_cat?post=133352"},{"taxonomy":"product_tag","embeddable":true,"href":"https:\/\/store.ie.edu\/es\/wp-json\/wp\/v2\/product_tag?post=133352"}],"curies":[{"name":"wp","href":"https:\/\/api.w.org\/{rel}","templated":true}]}}