{"id":132774,"date":"2023-04-14T14:23:21","date_gmt":"2023-04-14T12:23:21","guid":{"rendered":"https:\/\/store.ie.edu\/product\/sin%20categor\u00eda\/personalised-softshell-men-women\/"},"modified":"2026-05-06T11:54:12","modified_gmt":"2026-05-06T09:54:12","slug":"personalised-softshell-men-women","status":"publish","type":"product","link":"https:\/\/store.ie.edu\/es\/producto\/personalizados\/sudadera-y-cazadora\/personalised-softshell-men-women\/","title":{"rendered":"Chaqueta Softshell personalizada IE University"},"content":{"rendered":"<p data-start=\"1815\" data-end=\"1950\">La chaqueta softshell personalizable de IE University est\u00e1 dise\u00f1ada como una prenda especial para estudiantes en proceso de graduaci\u00f3n.<\/p>\n<p data-start=\"1952\" data-end=\"2242\">Fabricada con tejido de tres capas, membrana transpirable e interior de microforro polar, ofrece protecci\u00f3n frente al viento y la lluvia (hasta 5000 mm) manteniendo el confort. Los pu\u00f1os ajustables, los cordones laterales y el bajo con ajuste el\u00e1stico permiten un ajuste c\u00f3modo y adaptable.<\/p>\n<p data-start=\"2244\" data-end=\"2388\">Este modelo se ofrece como edici\u00f3n especial para pedidos en grupo y puede personalizarse con logotipos institucionales y detalles de graduaci\u00f3n.<\/p>\n<p data-start=\"2390\" data-end=\"2502\"><strong data-start=\"2390\" data-end=\"2409\">Personalizaci\u00f3n<\/strong><br data-start=\"2409\" data-end=\"2412\" \/>La chaqueta puede personalizarse con el logotipo de la instituci\u00f3n y el a\u00f1o de graduaci\u00f3n.<\/p>\n<p data-start=\"2504\" data-end=\"2528\"><strong data-start=\"2504\" data-end=\"2528\">Detalles del pedido:<\/strong><\/p>\n<ul data-start=\"2529\" data-end=\"2669\">\n<li data-start=\"2529\" data-end=\"2559\">Pedido m\u00ednimo: 15 unidades<\/li>\n<li data-start=\"2560\" data-end=\"2623\">Tiempo de producci\u00f3n y entrega: aproximadamente 5\u20137 semanas<\/li>\n<li data-start=\"2624\" data-end=\"2669\">Disponible para estudiantes de graduaci\u00f3n<\/li>\n<\/ul>\n","protected":false},"excerpt":{"rendered":"<p data-start=\"1601\" data-end=\"1701\">Chaqueta softshell personalizable de IE University dise\u00f1ada para la comunidad IE.<\/p>\n<p data-start=\"1703\" data-end=\"1779\">T\u00e9cnica, resistente y adecuada para pedidos en grupo y ediciones especiales.<\/p>\n<p><strong>Edici\u00f3n especial.<\/strong><\/p>\n<p>Pedido m\u00ednimo de 15 unidades.<\/p>\n<p><strong>Tiempo de producci\u00f3n<\/strong><\/p>\n<p>La producci\u00f3n y entrega de tu sudadera con capucha personalizada tarda entre 5 y 7 semanas.<\/p>\n<p><strong>Personaliza la tuya ahora<\/strong><\/p>\n<p>Dise\u00f1a la tuya con el logotipo de tu instituci\u00f3n, nombre de tu programa\u00a0 y el a\u00f1o de graduaci\u00f3n y muestra con estilo tu orgullo universitario.<\/p>\n<p><strong>Exclusivo de IE Store.<\/strong><\/p>\n","protected":false},"featured_media":145640,"comment_status":"open","ping_status":"closed","template":"","meta":{"_seopress_robots_primary_cat":"none","_seopress_titles_title":"","_seopress_titles_desc":"","_seopress_robots_index":""},"product_brand":[],"product_cat":[899,790,907,890],"product_tag":[],"class_list":{"0":"post-132774","1":"product","2":"type-product","3":"status-publish","4":"has-post-thumbnail","6":"product_cat-personalizacion-ie","7":"product_cat-personalizados","8":"product_cat-regalos-graduacion-es","9":"product_cat-sudadera-y-cazadora","10":"product_shipping_class-solo-tienda-es","12":"first","13":"instock","14":"taxable","15":"shipping-taxable","16":"purchasable","17":"product-type-variable","18":"thumb-no-effect","19":"prod-rating-off"},"_links":{"self":[{"href":"https:\/\/store.ie.edu\/es\/wp-json\/wp\/v2\/product\/132774","targetHints":{"allow":["GET"]}}],"collection":[{"href":"https:\/\/store.ie.edu\/es\/wp-json\/wp\/v2\/product"}],"about":[{"href":"https:\/\/store.ie.edu\/es\/wp-json\/wp\/v2\/types\/product"}],"replies":[{"embeddable":true,"href":"https:\/\/store.ie.edu\/es\/wp-json\/wp\/v2\/comments?post=132774"}],"wp:featuredmedia":[{"embeddable":true,"href":"https:\/\/store.ie.edu\/es\/wp-json\/wp\/v2\/media\/145640"}],"wp:attachment":[{"href":"https:\/\/store.ie.edu\/es\/wp-json\/wp\/v2\/media?parent=132774"}],"wp:term":[{"taxonomy":"product_brand","embeddable":true,"href":"https:\/\/store.ie.edu\/es\/wp-json\/wp\/v2\/product_brand?post=132774"},{"taxonomy":"product_cat","embeddable":true,"href":"https:\/\/store.ie.edu\/es\/wp-json\/wp\/v2\/product_cat?post=132774"},{"taxonomy":"product_tag","embeddable":true,"href":"https:\/\/store.ie.edu\/es\/wp-json\/wp\/v2\/product_tag?post=132774"}],"curies":[{"name":"wp","href":"https:\/\/api.w.org\/{rel}","templated":true}]}}