{"id":131990,"date":"2023-03-23T16:11:15","date_gmt":"2023-03-23T15:12:30","guid":{"rendered":"https:\/\/store.ie.edu\/product\/sin%20categor\u00eda\/bolsa-de-deporte-de-lona-ie-university\/"},"modified":"2025-06-26T15:41:11","modified_gmt":"2025-06-26T13:41:11","slug":"bolsa-deporte-lona-ie-university","status":"publish","type":"product","link":"https:\/\/store.ie.edu\/es\/producto\/accessorios\/bolsas-fundas\/bolsa-deporte-lona-ie-university\/","title":{"rendered":"<b>Bolsa de deporte de lona IE University<\/b>"},"content":{"rendered":"<p class=\"\" data-start=\"1034\" data-end=\"1161\"><strong data-start=\"1034\" data-end=\"1048\">Materiales<\/strong><br data-start=\"1048\" data-end=\"1051\" \/>100 % algod\u00f3n<br data-start=\"1064\" data-end=\"1067\" \/>Estampado con logotipo IE University<br data-start=\"1103\" data-end=\"1106\" \/>Asas de algod\u00f3n ajustables<br data-start=\"1132\" data-end=\"1135\" \/>Dos bolsillos exteriores<\/p>\n<p class=\"\" data-start=\"1163\" data-end=\"1312\"><strong data-start=\"1163\" data-end=\"1175\">Cuidados<\/strong><br data-start=\"1175\" data-end=\"1178\" \/>Limpiar con un pa\u00f1o h\u00famedo<br data-start=\"1204\" data-end=\"1207\" \/>No lavar a m\u00e1quina<br data-start=\"1225\" data-end=\"1228\" \/>No usar lej\u00eda<br data-start=\"1241\" data-end=\"1244\" \/>No secar en secadora<br data-start=\"1264\" data-end=\"1267\" \/>No planchar directamente sobre el estampado<\/p>\n","protected":false},"excerpt":{"rendered":"<p>Dise\u00f1ada para acompa\u00f1arte en cada paso de tu d\u00eda.<\/p>\n<p class=\"\" data-start=\"328\" data-end=\"579\">Esta <strong data-start=\"366\" data-end=\"402\">bolsa tipo duffle en color crema<\/strong> con el <strong data-start=\"410\" data-end=\"445\">logotipo IE University en negro<\/strong> est\u00e1 confeccionada en <strong data-start=\"468\" data-end=\"490\">algod\u00f3n resistente<\/strong>, ideal para llevar tus objetos personales, ropa de entrenamiento o b\u00e1sicos del d\u00eda a d\u00eda.<\/p>\n<p class=\"\" data-start=\"581\" data-end=\"802\">Dise\u00f1ada para ofrecer comodidad y versatilidad, cuenta con <strong data-start=\"640\" data-end=\"681\">asas ajustables para colgar al hombro<\/strong> y <strong data-start=\"684\" data-end=\"724\">dos bolsillos exteriores funcionales<\/strong>, combinando practicidad con un estilo minimalista inspirado en el esp\u00edritu IE.<\/p>\n<ul>\n<li data-start=\"806\" data-end=\"821\">100 % algod\u00f3n<\/li>\n<li data-start=\"824\" data-end=\"841\">Asas ajustables<\/li>\n<li data-start=\"844\" data-end=\"870\">Dos bolsillos exteriores<\/li>\n<li data-start=\"873\" data-end=\"905\">Logotipo IE University estampado<\/li>\n<\/ul>\n<p class=\"\" data-start=\"907\" data-end=\"995\"><strong data-start=\"910\" data-end=\"995\">Disponible exclusivamente en IE Store.\u00a0 Lleva el esp\u00edritu IE contigo, donde vayas.<\/strong><\/p>\n","protected":false},"featured_media":144955,"comment_status":"open","ping_status":"closed","template":"","meta":{"_seopress_robots_primary_cat":"none","_seopress_titles_title":"","_seopress_titles_desc":"","_seopress_robots_index":""},"product_brand":[],"product_cat":[464,213,562,906],"product_tag":[],"class_list":{"0":"post-131990","1":"product","2":"type-product","3":"status-publish","4":"has-post-thumbnail","6":"product_cat-accesorios","7":"product_cat-bolsas-fundas","8":"product_cat-new-in-es","9":"product_cat-vida-campus","11":"first","12":"instock","13":"taxable","14":"shipping-taxable","15":"purchasable","16":"product-type-simple","17":"thumb-has-effect","18":"prod-rating-off"},"_links":{"self":[{"href":"https:\/\/store.ie.edu\/es\/wp-json\/wp\/v2\/product\/131990","targetHints":{"allow":["GET"]}}],"collection":[{"href":"https:\/\/store.ie.edu\/es\/wp-json\/wp\/v2\/product"}],"about":[{"href":"https:\/\/store.ie.edu\/es\/wp-json\/wp\/v2\/types\/product"}],"replies":[{"embeddable":true,"href":"https:\/\/store.ie.edu\/es\/wp-json\/wp\/v2\/comments?post=131990"}],"wp:featuredmedia":[{"embeddable":true,"href":"https:\/\/store.ie.edu\/es\/wp-json\/wp\/v2\/media\/144955"}],"wp:attachment":[{"href":"https:\/\/store.ie.edu\/es\/wp-json\/wp\/v2\/media?parent=131990"}],"wp:term":[{"taxonomy":"product_brand","embeddable":true,"href":"https:\/\/store.ie.edu\/es\/wp-json\/wp\/v2\/product_brand?post=131990"},{"taxonomy":"product_cat","embeddable":true,"href":"https:\/\/store.ie.edu\/es\/wp-json\/wp\/v2\/product_cat?post=131990"},{"taxonomy":"product_tag","embeddable":true,"href":"https:\/\/store.ie.edu\/es\/wp-json\/wp\/v2\/product_tag?post=131990"}],"curies":[{"name":"wp","href":"https:\/\/api.w.org\/{rel}","templated":true}]}}