{"id":131975,"date":"2023-03-23T15:49:30","date_gmt":"2023-03-23T14:50:47","guid":{"rendered":"https:\/\/store.ie.edu\/product\/sin%20categor\u00eda\/bolso-de-tela-be-the-change-you-want-to-make\/"},"modified":"2026-05-05T11:23:01","modified_gmt":"2026-05-05T09:23:01","slug":"bolso-tela-be-the-change-you-want-to-make","status":"publish","type":"product","link":"https:\/\/store.ie.edu\/es\/producto\/accessorios\/bolsas-fundas\/bolso-tela-be-the-change-you-want-to-make\/","title":{"rendered":"Bolsa tote IE University  \u201cBe the Change\u201d"},"content":{"rendered":"<p data-start=\"1658\" data-end=\"1776\">La bolsa tote IE University \u201cBe the Change\u201d combina sencillez y funcionalidad en un dise\u00f1o vers\u00e1til para el d\u00eda a d\u00eda.<\/p>\n<p data-start=\"1778\" data-end=\"1956\">Fabricada en algod\u00f3n resistente, ofrece un formato amplio para llevar objetos esenciales. El mensaje estampado aporta un elemento gr\u00e1fico distintivo manteniendo un estilo limpio.<\/p>\n<p data-start=\"1958\" data-end=\"2065\">Sus asas largas permiten llevarla c\u00f3modamente al hombro, siendo ideal para el campus, compras y uso diario.<\/p>\n<p data-start=\"2067\" data-end=\"2093\"><strong data-start=\"2067\" data-end=\"2093\">Caracter\u00edsticas clave:<\/strong><\/p>\n<ul data-start=\"2094\" data-end=\"2348\">\n<li data-section-id=\"1utawwc\" data-start=\"2094\" data-end=\"2115\">Tejido de algod\u00f3n<\/li>\n<li data-section-id=\"8jp7xq\" data-start=\"2116\" data-end=\"2150\">Compartimento principal amplio<\/li>\n<li data-section-id=\"1kuzxol\" data-start=\"2151\" data-end=\"2180\">Estampado \u201cBe the Change\u201d<\/li>\n<li data-section-id=\"1q8kbeg\" data-start=\"2181\" data-end=\"2218\">Asas largas para llevar al hombro<\/li>\n<li data-section-id=\"ff952y\" data-start=\"2219\" data-end=\"2240\">Ligera y pr\u00e1ctica<\/li>\n<li data-section-id=\"1jestx\" data-start=\"2241\" data-end=\"2264\">Medidas: 38 \u00d7 42 cm<\/li>\n<li data-section-id=\"1581eqq\" data-start=\"2265\" data-end=\"2313\">Largo de asas: 70 cm (total) \/ 35 cm (ca\u00edda)<\/li>\n<li data-section-id=\"gdwxtq\" data-start=\"2314\" data-end=\"2348\">Ideal para campus y uso diario<\/li>\n<\/ul>\n","protected":false},"excerpt":{"rendered":"<p data-start=\"1476\" data-end=\"1588\">Bolsa tote IE University confeccionada en algod\u00f3n, dise\u00f1ada para el uso diario con un estilo limpio y funcional.<\/p>\n<p data-start=\"1590\" data-end=\"1625\">Ligera, pr\u00e1ctica y f\u00e1cil de llevar.<\/p>\n","protected":false},"featured_media":131914,"comment_status":"open","ping_status":"closed","template":"","meta":{"_seopress_robots_primary_cat":"none","_seopress_titles_title":"","_seopress_titles_desc":"","_seopress_robots_index":""},"product_brand":[],"product_cat":[464,213],"product_tag":[],"class_list":{"0":"post-131975","1":"product","2":"type-product","3":"status-publish","4":"has-post-thumbnail","6":"product_cat-accesorios","7":"product_cat-bolsas-fundas","8":"pa_colour-azul","9":"pa_colour-natural-es","11":"first","12":"instock","13":"taxable","14":"shipping-taxable","15":"purchasable","16":"product-type-variable","17":"thumb-has-effect","18":"prod-rating-off"},"_links":{"self":[{"href":"https:\/\/store.ie.edu\/es\/wp-json\/wp\/v2\/product\/131975","targetHints":{"allow":["GET"]}}],"collection":[{"href":"https:\/\/store.ie.edu\/es\/wp-json\/wp\/v2\/product"}],"about":[{"href":"https:\/\/store.ie.edu\/es\/wp-json\/wp\/v2\/types\/product"}],"replies":[{"embeddable":true,"href":"https:\/\/store.ie.edu\/es\/wp-json\/wp\/v2\/comments?post=131975"}],"wp:featuredmedia":[{"embeddable":true,"href":"https:\/\/store.ie.edu\/es\/wp-json\/wp\/v2\/media\/131914"}],"wp:attachment":[{"href":"https:\/\/store.ie.edu\/es\/wp-json\/wp\/v2\/media?parent=131975"}],"wp:term":[{"taxonomy":"product_brand","embeddable":true,"href":"https:\/\/store.ie.edu\/es\/wp-json\/wp\/v2\/product_brand?post=131975"},{"taxonomy":"product_cat","embeddable":true,"href":"https:\/\/store.ie.edu\/es\/wp-json\/wp\/v2\/product_cat?post=131975"},{"taxonomy":"product_tag","embeddable":true,"href":"https:\/\/store.ie.edu\/es\/wp-json\/wp\/v2\/product_tag?post=131975"}],"curies":[{"name":"wp","href":"https:\/\/api.w.org\/{rel}","templated":true}]}}