{"id":131552,"date":"2023-03-17T11:21:22","date_gmt":"2023-03-17T10:21:22","guid":{"rendered":"https:\/\/store.ie.edu\/product\/sin%20categor\u00eda\/segovia-madrid-ieu-bag-limited-edition\/"},"modified":"2024-01-14T17:21:38","modified_gmt":"2024-01-14T16:21:38","slug":"segovia-madrid-ieu-bolsa-limited-edition","status":"publish","type":"product","link":"https:\/\/store.ie.edu\/es\/producto\/accessorios\/bolsas-fundas\/segovia-madrid-ieu-bolsa-limited-edition\/","title":{"rendered":"Bolsa Segovia &amp; Madrid IEU &#8211; Edici\u00f3n Limitada"},"content":{"rendered":"","protected":false},"excerpt":{"rendered":"<p>Bolsa perteneciente a la c\u00e1psula Madrid-Segovia fabricado en algod\u00f3n 100% reciclado de 250 gr\/m2 con asas de 65 cm de largo y bolsillo interior.<br \/>\nTejido en color natural y dise\u00f1o exclusivo de los iconos m\u00e1s emblem\u00e1ticos de las dos ciudades en dos tonos de azul.<\/p>\n<p>Medidas: 45 x 38 x 10 cm.<\/p>\n","protected":false},"featured_media":147148,"comment_status":"open","ping_status":"closed","template":"","meta":{"_seopress_robots_primary_cat":"none","_seopress_titles_title":"","_seopress_titles_desc":"","_seopress_robots_index":""},"product_brand":[],"product_cat":[213],"product_tag":[],"class_list":{"0":"post-131552","1":"product","2":"type-product","3":"status-publish","4":"has-post-thumbnail","6":"product_cat-bolsas-fundas","8":"first","9":"instock","10":"taxable","11":"shipping-taxable","12":"purchasable","13":"product-type-simple","14":"thumb-has-effect","15":"prod-rating-off"},"_links":{"self":[{"href":"https:\/\/store.ie.edu\/es\/wp-json\/wp\/v2\/product\/131552","targetHints":{"allow":["GET"]}}],"collection":[{"href":"https:\/\/store.ie.edu\/es\/wp-json\/wp\/v2\/product"}],"about":[{"href":"https:\/\/store.ie.edu\/es\/wp-json\/wp\/v2\/types\/product"}],"replies":[{"embeddable":true,"href":"https:\/\/store.ie.edu\/es\/wp-json\/wp\/v2\/comments?post=131552"}],"wp:featuredmedia":[{"embeddable":true,"href":"https:\/\/store.ie.edu\/es\/wp-json\/wp\/v2\/media\/147148"}],"wp:attachment":[{"href":"https:\/\/store.ie.edu\/es\/wp-json\/wp\/v2\/media?parent=131552"}],"wp:term":[{"taxonomy":"product_brand","embeddable":true,"href":"https:\/\/store.ie.edu\/es\/wp-json\/wp\/v2\/product_brand?post=131552"},{"taxonomy":"product_cat","embeddable":true,"href":"https:\/\/store.ie.edu\/es\/wp-json\/wp\/v2\/product_cat?post=131552"},{"taxonomy":"product_tag","embeddable":true,"href":"https:\/\/store.ie.edu\/es\/wp-json\/wp\/v2\/product_tag?post=131552"}],"curies":[{"name":"wp","href":"https:\/\/api.w.org\/{rel}","templated":true}]}}