{"id":130376,"date":"2023-01-23T17:00:37","date_gmt":"2023-01-23T16:00:37","guid":{"rendered":"https:\/\/store.ie.edu\/product\/sin%20categor\u00eda\/ie-university-cool-bottle-kids\/"},"modified":"2024-06-19T18:02:59","modified_gmt":"2024-06-19T16:02:59","slug":"ie-university-cool-bottle-ninos","status":"publish","type":"product","link":"https:\/\/store.ie.edu\/es\/producto\/ninos\/accesorios-ninos\/ie-university-cool-bottle-ninos\/","title":{"rendered":"Botella de acero inoxidable para ni\u00f1os IE University"},"content":{"rendered":"<table width=\"1287\">\n<tbody>\n<tr>\n<td width=\"1287\">Una colaboraci\u00f3n con la marca Cool Bottle hecha para ni\u00f1os con un dise\u00f1o especial y \u00fanico para IE University.<\/p>\n<ul>\n<li>Esta botella est\u00e1 fabricada con tecnolog\u00eda triple cool que mantiene tus bebidas fr\u00edas durante 36 horas y calientes durante 18 horas.<\/li>\n<li>Con acero inoxidable grado alimenticio 18\/8 de alta calidad. Libres de Bisfenol A (BPA), ftalatos y t\u00f3xicos.<\/li>\n<li>De triple pared, especialmente desarrollado para que la botella t\u00e9rmica permanezca libre de condensaci\u00f3n y no sude en las manos.<\/li>\n<li>Viene con dos tapas, una es de rosca a prueba de fugas y la otra est\u00e1 hecha especialmente para ni\u00f1os.<\/li>\n<li>Lavar a mano \u00fanicamente .<\/li>\n<\/ul>\n<\/td>\n<\/tr>\n<\/tbody>\n<\/table>\n","protected":false},"excerpt":{"rendered":"<p>Una colaboraci\u00f3n con la marca Cool Bottle hecha para ni\u00f1os con un dise\u00f1o especial y \u00fanico para IE University. Esta botella est\u00e1 fabricada con tecnolog\u00eda triple cool que mantiene tus&hellip;<\/p>\n","protected":false},"featured_media":131425,"comment_status":"open","ping_status":"closed","template":"","meta":{"_seopress_robots_primary_cat":"none","_seopress_titles_title":"","_seopress_titles_desc":"","_seopress_robots_index":""},"product_brand":[],"product_cat":[395,293,562,228],"product_tag":[],"class_list":{"0":"post-130376","1":"product","2":"type-product","3":"status-publish","4":"has-post-thumbnail","6":"product_cat-accesorios-ninos","7":"product_cat-botellas-tazas","8":"product_cat-new-in-es","9":"product_cat-ninos","11":"first","12":"instock","13":"taxable","14":"shipping-taxable","15":"purchasable","16":"product-type-simple","17":"thumb-has-effect","18":"prod-rating-off"},"_links":{"self":[{"href":"https:\/\/store.ie.edu\/es\/wp-json\/wp\/v2\/product\/130376","targetHints":{"allow":["GET"]}}],"collection":[{"href":"https:\/\/store.ie.edu\/es\/wp-json\/wp\/v2\/product"}],"about":[{"href":"https:\/\/store.ie.edu\/es\/wp-json\/wp\/v2\/types\/product"}],"replies":[{"embeddable":true,"href":"https:\/\/store.ie.edu\/es\/wp-json\/wp\/v2\/comments?post=130376"}],"wp:featuredmedia":[{"embeddable":true,"href":"https:\/\/store.ie.edu\/es\/wp-json\/wp\/v2\/media\/131425"}],"wp:attachment":[{"href":"https:\/\/store.ie.edu\/es\/wp-json\/wp\/v2\/media?parent=130376"}],"wp:term":[{"taxonomy":"product_brand","embeddable":true,"href":"https:\/\/store.ie.edu\/es\/wp-json\/wp\/v2\/product_brand?post=130376"},{"taxonomy":"product_cat","embeddable":true,"href":"https:\/\/store.ie.edu\/es\/wp-json\/wp\/v2\/product_cat?post=130376"},{"taxonomy":"product_tag","embeddable":true,"href":"https:\/\/store.ie.edu\/es\/wp-json\/wp\/v2\/product_tag?post=130376"}],"curies":[{"name":"wp","href":"https:\/\/api.w.org\/{rel}","templated":true}]}}