{"id":128607,"date":"2022-11-09T20:30:51","date_gmt":"2022-11-09T19:30:51","guid":{"rendered":"https:\/\/store.ie.edu\/product\/sin%20categor\u00eda\/ie-university-cool-bottle-blue-top\/"},"modified":"2025-09-17T19:26:08","modified_gmt":"2025-09-17T17:26:08","slug":"ie-university-cool-bottle-blue-top","status":"publish","type":"product","link":"https:\/\/store.ie.edu\/es\/producto\/accesorios\/botellas-y-tazas\/ie-university-cool-bottle-blue-top\/","title":{"rendered":"Botella t\u00e9rmica IE University con tapa azul"},"content":{"rendered":"","protected":false},"excerpt":{"rendered":"<table width=\"1287\">\n<tbody>\n<tr>\n<td width=\"1287\">Tecnolog\u00eda Triple Cool\u2122: capaz de mantener tus bebidas fr\u00edas hasta 36 horas y calientes hasta 18 horas. Su acabado de s\u00faper caucho agrega durabilidad y estilo, mientras que la tapa herm\u00e9tica a prueba de fugas asegura que su bebida se mantenga segura. Fabricada con acero inoxidable de grado alimenticio 18\/8, esta botella est\u00e1 completamente libre de BPA, ftalatos y toxinas. Apto para bebidas \u00e1cidas y carbonatadas. No retiene ni emite ning\u00fan sabor u olor y adem\u00e1s est\u00e1 libre de condensaci\u00f3n. Permite superar los controles de seguridad en los aeropuertos. Lavar a mano \u00fanicamente.<\/td>\n<\/tr>\n<\/tbody>\n<\/table>\n","protected":false},"featured_media":128604,"comment_status":"open","ping_status":"closed","template":"","meta":{"_seopress_robots_primary_cat":"none","_seopress_titles_title":"","_seopress_titles_desc":"","_seopress_robots_index":""},"product_brand":[],"product_cat":[201,469,293,908,909,906],"product_tag":[],"class_list":{"0":"post-128607","1":"product","2":"type-product","3":"status-publish","4":"has-post-thumbnail","6":"product_cat-accessorios","7":"product_cat-botellas-y-tazas","8":"product_cat-botellas-tazas","9":"product_cat-esenciales-viaje","10":"product_cat-esenciales-ie","11":"product_cat-vida-campus","13":"first","14":"instock","15":"taxable","16":"shipping-taxable","17":"purchasable","18":"product-type-simple","19":"thumb-has-effect","20":"prod-rating-off"},"_links":{"self":[{"href":"https:\/\/store.ie.edu\/es\/wp-json\/wp\/v2\/product\/128607","targetHints":{"allow":["GET"]}}],"collection":[{"href":"https:\/\/store.ie.edu\/es\/wp-json\/wp\/v2\/product"}],"about":[{"href":"https:\/\/store.ie.edu\/es\/wp-json\/wp\/v2\/types\/product"}],"replies":[{"embeddable":true,"href":"https:\/\/store.ie.edu\/es\/wp-json\/wp\/v2\/comments?post=128607"}],"wp:featuredmedia":[{"embeddable":true,"href":"https:\/\/store.ie.edu\/es\/wp-json\/wp\/v2\/media\/128604"}],"wp:attachment":[{"href":"https:\/\/store.ie.edu\/es\/wp-json\/wp\/v2\/media?parent=128607"}],"wp:term":[{"taxonomy":"product_brand","embeddable":true,"href":"https:\/\/store.ie.edu\/es\/wp-json\/wp\/v2\/product_brand?post=128607"},{"taxonomy":"product_cat","embeddable":true,"href":"https:\/\/store.ie.edu\/es\/wp-json\/wp\/v2\/product_cat?post=128607"},{"taxonomy":"product_tag","embeddable":true,"href":"https:\/\/store.ie.edu\/es\/wp-json\/wp\/v2\/product_tag?post=128607"}],"curies":[{"name":"wp","href":"https:\/\/api.w.org\/{rel}","templated":true}]}}