{"id":128532,"date":"2022-11-08T14:16:34","date_gmt":"2022-11-08T13:16:34","guid":{"rendered":"https:\/\/store.ie.edu\/product\/sin%20categor\u00eda\/changer-sm-ieu-sweatshirt\/"},"modified":"2025-06-26T15:41:16","modified_gmt":"2025-06-26T13:41:16","slug":"changer-sm-ieu-sweatshirt","status":"publish","type":"product","link":"https:\/\/store.ie.edu\/es\/producto\/hombre\/sudaderas-hombre\/changer-sm-ieu-sweatshirt\/","title":{"rendered":"<b>Sudadera Changer SM IEU<\/b>"},"content":{"rendered":"","protected":false},"excerpt":{"rendered":"<p class=\"\" data-start=\"1874\" data-end=\"2175\"><strong data-start=\"1874\" data-end=\"1917\">Dise\u00f1o minimalista con impacto positivo.<\/strong><br data-start=\"1917\" data-end=\"1920\" \/>La <strong data-start=\"1923\" data-end=\"1970\">sudadera unisex Changer SM de IE University<\/strong> combina sencillez, comodidad y sostenibilidad. Confeccionada con <strong data-start=\"2036\" data-end=\"2100\">85% de algod\u00f3n org\u00e1nico peinado y 15% de poli\u00e9ster reciclado<\/strong>, incorpora un <strong data-start=\"2115\" data-end=\"2136\">interior afelpado<\/strong> que aporta calidez sin perder ligereza.<\/p>\n<p class=\"\" data-start=\"2177\" data-end=\"2346\">Ideal para el <strong data-start=\"2191\" data-end=\"2217\">d\u00eda a d\u00eda en el campus<\/strong>, un look relajado o para combinar en capas, gracias a su corte cl\u00e1sico y tejido de <strong data-start=\"2301\" data-end=\"2313\">350 G\/M\u00b2<\/strong> que la hace perfecta todo el a\u00f1o.<\/p>\n<p>Solo en<strong> IE Store<\/strong>. <strong>Moda universitaria sostenible para acompa\u00f1arte en cada paso.<\/strong><\/p>\n","protected":false},"featured_media":144966,"comment_status":"open","ping_status":"closed","template":"","meta":{"_seopress_robots_primary_cat":"none","_seopress_titles_title":"","_seopress_titles_desc":"","_seopress_robots_index":""},"product_brand":[],"product_cat":[252,279,952],"product_tag":[],"class_list":{"0":"post-128532","1":"product","2":"type-product","3":"status-publish","4":"has-post-thumbnail","6":"product_cat-sudaderas-hombre","7":"product_cat-sudaderas-mujer","8":"product_cat-ultimas-unidades","10":"first","11":"instock","12":"sale","13":"taxable","14":"shipping-taxable","15":"purchasable","16":"product-type-variable","17":"thumb-has-effect","18":"prod-rating-off"},"_links":{"self":[{"href":"https:\/\/store.ie.edu\/es\/wp-json\/wp\/v2\/product\/128532","targetHints":{"allow":["GET"]}}],"collection":[{"href":"https:\/\/store.ie.edu\/es\/wp-json\/wp\/v2\/product"}],"about":[{"href":"https:\/\/store.ie.edu\/es\/wp-json\/wp\/v2\/types\/product"}],"replies":[{"embeddable":true,"href":"https:\/\/store.ie.edu\/es\/wp-json\/wp\/v2\/comments?post=128532"}],"wp:featuredmedia":[{"embeddable":true,"href":"https:\/\/store.ie.edu\/es\/wp-json\/wp\/v2\/media\/144966"}],"wp:attachment":[{"href":"https:\/\/store.ie.edu\/es\/wp-json\/wp\/v2\/media?parent=128532"}],"wp:term":[{"taxonomy":"product_brand","embeddable":true,"href":"https:\/\/store.ie.edu\/es\/wp-json\/wp\/v2\/product_brand?post=128532"},{"taxonomy":"product_cat","embeddable":true,"href":"https:\/\/store.ie.edu\/es\/wp-json\/wp\/v2\/product_cat?post=128532"},{"taxonomy":"product_tag","embeddable":true,"href":"https:\/\/store.ie.edu\/es\/wp-json\/wp\/v2\/product_tag?post=128532"}],"curies":[{"name":"wp","href":"https:\/\/api.w.org\/{rel}","templated":true}]}}