{"id":128395,"date":"2022-11-07T16:19:21","date_gmt":"2022-11-07T15:19:21","guid":{"rendered":"https:\/\/store.ie.edu\/product\/sin%20categor\u00eda\/cap-dad-ie-university\/"},"modified":"2025-12-18T10:06:22","modified_gmt":"2025-12-18T09:06:22","slug":"gorra-dad-ie-university","status":"publish","type":"product","link":"https:\/\/store.ie.edu\/es\/producto\/accessorios\/gorras\/gorra-dad-ie-university\/","title":{"rendered":"<b>Gorra Dad IE University<\/b>"},"content":{"rendered":"","protected":false},"excerpt":{"rendered":"<p>Gorra en color marino con el texto IE University, confeccionada en algod\u00f3n, con dise\u00f1o de talla \u00fanica. Cuenta con ojales cosidos para ventilaci\u00f3n, un cierre con hebilla y orificio de metal para un ajuste ajustable y ocho costuras en la visera para mayor durabilidad.<\/p>\n","protected":false},"featured_media":128745,"comment_status":"open","ping_status":"closed","template":"","meta":{"_seopress_robots_primary_cat":"none","_seopress_titles_title":"","_seopress_titles_desc":"","_seopress_robots_index":""},"product_brand":[],"product_cat":[201,240,207],"product_tag":[],"class_list":{"0":"post-128395","1":"product","2":"type-product","3":"status-publish","4":"has-post-thumbnail","6":"product_cat-accessorios","7":"product_cat-generico","8":"product_cat-gorras","10":"first","11":"instock","12":"taxable","13":"shipping-taxable","14":"purchasable","15":"product-type-simple","16":"thumb-no-effect","17":"prod-rating-off"},"_links":{"self":[{"href":"https:\/\/store.ie.edu\/es\/wp-json\/wp\/v2\/product\/128395","targetHints":{"allow":["GET"]}}],"collection":[{"href":"https:\/\/store.ie.edu\/es\/wp-json\/wp\/v2\/product"}],"about":[{"href":"https:\/\/store.ie.edu\/es\/wp-json\/wp\/v2\/types\/product"}],"replies":[{"embeddable":true,"href":"https:\/\/store.ie.edu\/es\/wp-json\/wp\/v2\/comments?post=128395"}],"wp:featuredmedia":[{"embeddable":true,"href":"https:\/\/store.ie.edu\/es\/wp-json\/wp\/v2\/media\/128745"}],"wp:attachment":[{"href":"https:\/\/store.ie.edu\/es\/wp-json\/wp\/v2\/media?parent=128395"}],"wp:term":[{"taxonomy":"product_brand","embeddable":true,"href":"https:\/\/store.ie.edu\/es\/wp-json\/wp\/v2\/product_brand?post=128395"},{"taxonomy":"product_cat","embeddable":true,"href":"https:\/\/store.ie.edu\/es\/wp-json\/wp\/v2\/product_cat?post=128395"},{"taxonomy":"product_tag","embeddable":true,"href":"https:\/\/store.ie.edu\/es\/wp-json\/wp\/v2\/product_tag?post=128395"}],"curies":[{"name":"wp","href":"https:\/\/api.w.org\/{rel}","templated":true}]}}