{"id":121440,"date":"2022-02-10T12:24:39","date_gmt":"2022-02-10T11:24:39","guid":{"rendered":"https:\/\/store.ie.edu\/product\/sin%20categor\u00eda\/ie-recycle-cup\/"},"modified":"2022-03-01T12:38:11","modified_gmt":"2022-03-01T11:38:11","slug":"ie-recycle-cup","status":"publish","type":"product","link":"https:\/\/store.ie.edu\/es\/producto\/accessorios\/botellas-tazas\/ie-recycle-cup\/","title":{"rendered":"Vaso Reciclado IE"},"content":{"rendered":"","protected":false},"excerpt":{"rendered":"<p>Vaso de caf\u00e9 IE hecho de PLA que es un material pl\u00e1stico de origen vegetal a base de plantas. Est\u00e1 elaborado a partir de recursos renovables como: ma\u00edz, yuca, ca\u00f1a de az\u00facar, remolacha azucarera, trigo, desechos agr\u00edcolas y plantas no alimenticias como materia prima.<\/p>\n<p>280 ml.<\/p>\n<p>LIBRE DE BPA \/ 100% MATERIALES RECICLADOS \/ APTO HASTA 100\u00baC<\/p>\n","protected":false},"featured_media":121436,"comment_status":"open","ping_status":"closed","template":"","meta":{"_seopress_robots_primary_cat":"","_seopress_titles_title":"","_seopress_titles_desc":"","_seopress_robots_index":""},"product_brand":[],"product_cat":[293,549],"product_tag":[747],"class_list":{"0":"post-121440","1":"product","2":"type-product","3":"status-publish","4":"has-post-thumbnail","6":"product_cat-botellas-tazas","7":"product_cat-reutiliza","8":"product_tag-ie-es","10":"first","11":"outofstock","12":"taxable","13":"shipping-taxable","14":"purchasable","15":"product-type-simple","16":"thumb-no-effect","17":"prod-rating-off"},"_links":{"self":[{"href":"https:\/\/store.ie.edu\/es\/wp-json\/wp\/v2\/product\/121440","targetHints":{"allow":["GET"]}}],"collection":[{"href":"https:\/\/store.ie.edu\/es\/wp-json\/wp\/v2\/product"}],"about":[{"href":"https:\/\/store.ie.edu\/es\/wp-json\/wp\/v2\/types\/product"}],"replies":[{"embeddable":true,"href":"https:\/\/store.ie.edu\/es\/wp-json\/wp\/v2\/comments?post=121440"}],"wp:featuredmedia":[{"embeddable":true,"href":"https:\/\/store.ie.edu\/es\/wp-json\/wp\/v2\/media\/121436"}],"wp:attachment":[{"href":"https:\/\/store.ie.edu\/es\/wp-json\/wp\/v2\/media?parent=121440"}],"wp:term":[{"taxonomy":"product_brand","embeddable":true,"href":"https:\/\/store.ie.edu\/es\/wp-json\/wp\/v2\/product_brand?post=121440"},{"taxonomy":"product_cat","embeddable":true,"href":"https:\/\/store.ie.edu\/es\/wp-json\/wp\/v2\/product_cat?post=121440"},{"taxonomy":"product_tag","embeddable":true,"href":"https:\/\/store.ie.edu\/es\/wp-json\/wp\/v2\/product_tag?post=121440"}],"curies":[{"name":"wp","href":"https:\/\/api.w.org\/{rel}","templated":true}]}}