{"id":17574,"date":"2018-12-18T22:31:22","date_gmt":"2018-12-18T22:31:22","guid":{"rendered":"https:\/\/store.ie.edu\/privacy-policy\/"},"modified":"2023-10-27T10:14:17","modified_gmt":"2023-10-27T08:14:17","slug":"politica-privacidad","status":"publish","type":"page","link":"https:\/\/store.ie.edu\/es\/politica-privacidad\/","title":{"rendered":"Pol\u00edtica de privacidad"},"content":{"rendered":"<div class=\"wpb-content-wrapper\"><p>[vc_row][vc_column][vc_column_text]<\/p>\n<h3>1. IDENTIFICACI\u00d3N<\/h3>\n<p>Esta Pol\u00edtica de Privacidad establece las bases sobre las que Instituto de Empresa, S.L., con domicilio social en Madrid (Espa\u00f1a), Paseo de la Castellana, 259 E y CIF B-82334319, (en adelante, \u201cIE\u201d), trata sus datos personales cuando nos los facilite durante su experiencia a trav\u00e9s de las tiendas f\u00edsicas de IE Store, la p\u00e1gina web https:\/\/store.ie.edu (en adelante, el \u201cSitio Web\u201d), su aplicaci\u00f3n m\u00f3vil o app u otros aplicativos, software, medios digitales, soportes o dispositivos habilitados para interactuar con la plataforma de venta on-line de productos, servicios y funcionalidades relacionados con IE Store (en su conjunto, la \u201cPlataforma\u201d).<br \/>\nCada vez que al usar la Plataforma nos facilite o sea necesario que accedamos a cualquier tipo de informaci\u00f3n que por sus caracter\u00edsticas nos permita identificarle (en adelanta, los \u201cDatos Personales\u201d), ya sea para navegar por la misma, comprar nuestros productos o hacer uso de sus servicios o funcionalidades, IE aplicar\u00e1 las disposiciones del Reglamento (UE) 2016\/679 del Parlamento Europeo y del Consejo de 27 de abril de 2016 relativo a la protecci\u00f3n de las personas f\u00edsicas en lo que respecta al tratamiento de datos personales y a la libre circulaci\u00f3n de estos datos.<\/p>\n<h3>2.RECOGIDA DE DATOS PERSONALES Y FINALIDADES DEL TRATAMIENTO<\/h3>\n<p>Recuerde que, antes de empezar a utilizar cualquiera de nuestros servicios o funcionalidades, deber\u00e1 leer esta Pol\u00edtica de Privacidad.<br \/>\nEl hecho de no facilitar cierta informaci\u00f3n se\u00f1alada como obligatoria, puede conllevar que no sea posible gestionar su registro como usuario o el uso de determinadas funcionalidades o servicios disponibles a trav\u00e9s de la Plataforma.<br \/>\nUsted garantiza que los Datos Personales proporcionados son ciertos y exactos y se compromete a notificar cualquier cambio o modificaci\u00f3n de los mismos, siendo responsable de cualquier p\u00e9rdida o da\u00f1o causado a la Plataforma, a IE o a cualquier tercero por el suministro de informaci\u00f3n err\u00f3nea, inexacta o incompleta. En el caso de que nos aporte Datos Personales de terceros, usted se responsabiliza de haber informado y haber obtenido el consentimiento de \u00e9stos para ser aportados con las finalidades indicadas en los apartados correspondientes de la presente Pol\u00edtica de Privacidad.<br \/>\nIE tratar\u00e1 sus Datos Personales conforme a las siguientes finalidades:<br \/>\n2.1. DATOS PERSONALES FACILITADOS PARA FORMALIZAR UNA COMPRA:<br \/>\nGestionar su registro de usuario, permitirle el acceso a los productos ofrecidos en el \u00e1rea de clientes, as\u00ed como gestionar, tramitar y dar seguimiento a las compras realizadas.<br \/>\nContactar con usted para finalizar el pedido si ha guardado su carrito de compra o ha guardado productos en su carrito de compra sin finalizar el proceso de pago.<br \/>\nRealizar encuestas de calidad y de satisfacci\u00f3n.<br \/>\nEfectuar an\u00e1lisis sobre la utilizaci\u00f3n del Sitio Web y comprobar sus preferencias y comportamientos con la finalidad de mejorar la comunicaci\u00f3n con el Sitio Web.<br \/>\n2.2. DATOS PERSONALES FACILITADOS PARA EL ENV\u00cdO DE NEWSLETTER Y DE INFORMACI\u00d3N COMERCIAL Y DE ACTIVIDADES DE IE:<br \/>\nGestionar el env\u00edo de comunicaciones comerciales personalizadas acerca de los productos y servicios de IE, incluyendo el env\u00edo de comunicaciones comerciales a trav\u00e9s de emails, SMS, notificaciones push de la App u otros medios electr\u00f3nicos propios o de terceros colaboradores, as\u00ed como a trav\u00e9s de llamadas telef\u00f3nicas; y gestionar la suscripci\u00f3n y\/o baja de la Newsletter. Para llevar a cabo dicha finalidad, se elaborar\u00e1 un perfil comercial basado en sus preferencias, obtenido en base a la informaci\u00f3n proporcionada por usted o de fuentes externas. En caso de que desee dejar de recibir comunicaciones comerciales o promocionales puede solicitar la baja del servicio enviando un email a la direcci\u00f3n de correo electr\u00f3nico soportededatos@ie.edu o a trav\u00e9s de cualquiera de las comunicaciones recibidas<br \/>\nEfectuar an\u00e1lisis sobre la utilizaci\u00f3n del Sitio Web y comprobar sus preferencias y comportamientos con la finalidad de mejorar la comunicaci\u00f3n con el Sitio Web.<\/p>\n<h3>3. LEGITIMACI\u00d3N DEL TRATAMIENTO DE LOS DATOS<\/h3>\n<p>La legitimaci\u00f3n del tratamiento de sus datos personales, ser\u00e1n las siguientes:<br \/>\n3.1. DATOS PERSONALES FACILITADOS PARA FORMALIZAR UNA COMPRA:<br \/>\nEjecuci\u00f3n del contrato, para gestionar, tramitar, enviar, dar seguimiento a las compras realizadas y contactar con usted para finalizar el pedido si ha guardado su carrito de compra o ha guardado productos en su carrito de compra sin finalizar el proceso de pago.<br \/>\nInter\u00e9s leg\u00edtimo, para realizar encuestas de calidad y de satisfacci\u00f3n y, para el env\u00edo de comunicaciones comerciales personalizadas, por medios electr\u00f3nicos y\/o convencionales, sobre productos y servicios de IE.<br \/>\n3.2. DATOS PERSONALES FACILITADOS PARA EL ENV\u00cdO DE NEWSLETTER Y DE INFORMACI\u00d3N COMERCIAL Y DE ACTIVIDADES DE IE::<br \/>\nConsentimiento, para el env\u00edo de comunicaciones comerciales personalizadas sobre productos y servicios de IE, y para gestionar la suscripci\u00f3n y\/o baja de la Newsletter<\/p>\n<h3>4. PLAZO DE CONSERVACI\u00d3N DE LOS DATOS PERSONALES<\/h3>\n<p>Sus datos ser\u00e1n conservados durante los siguientes plazos:<br \/>\n4.1. DATOS PERSONALES FACILITADOS PARA FORMALIZAR UNA COMPRA:<br \/>\nLos datos facilitados para gestionar, tramitar, enviar y dar seguimiento a las compras realizadas se conservar\u00e1n durante la relaci\u00f3n contractual y, una vez finalizada la misma, durante el plazo de prescripci\u00f3n de las acciones legales que se puedan derivar de la misma.<br \/>\nLos datos utilizados para contactar con usted para finalizar el pedido si ha guardado su carrito de compra o ha guardado productos en su carrito de compra sin finalizar el proceso de pago no se conservaran una vez cerrada la sesi\u00f3n.<br \/>\n4.2. DATOS PERSONALES FACILITADOS PARA EL ENV\u00cdO DE NEWSLETTER Y DE INFORMACI\u00d3N COMERCIAL Y DE ACTIVIDADES DE IE:<br \/>\nLos datos utilizados para el env\u00edo de comunicaciones comerciales personalizadas sobre productos y servicios de IE, y para gestionar la suscripci\u00f3n y\/o baja de la Newsletter ser\u00e1n tratados hasta que usted se oponga a dicho tratamiento<\/p>\n<h3>5. TIPOLOG\u00cdA DE DATOS TRATADOS<\/h3>\n<p>IE tratar\u00e1 las siguientes categor\u00edas de datos:<br \/>\nDatos identificativos.<br \/>\nDatos de contacto.<br \/>\nDatos caracter\u00edsticas personales.<br \/>\nDatos de circunstancias sociales.<br \/>\nDatos acad\u00e9micos y profesionales<br \/>\nDatos de detalles de empleo<br \/>\nDatos de transacci\u00f3n de bienes y servicios<br \/>\nDatos econ\u00f3micos y financieros<br \/>\nDatos de navegaci\u00f3n<\/p>\n<h3>6. DESTINATARIOS DE LOS DATOS<\/h3>\n<p>Sus datos podr\u00e1n ser comunicados a:<br \/>\nLos Bancos y entidades financieras para gestionar el cobro de los productos adquiridos.<br \/>\nLas Administraciones P\u00fablicas en los casos previstos en la ley.<br \/>\nA las empresas del Grupo IE, con fines administrativos y de gesti\u00f3n: IE Universidad (G-40155384), Fundaci\u00f3n IE (G-81711459 ), Enter Campus Housing, S.L. (B-81495335), Asociaci\u00f3n de Antiguos Alumnos del Instituto de Empresa (G78284528), Instituto de Investigaci\u00f3n de Actividades de Empresa, S.L. (B-40229593), y cualesquiera otras que puedan crearse en el futuro.<\/p>\n<h3>7. DERECHOS DE PROTECCI\u00d3N DE DATOS<\/h3>\n<p>Puede enviar un escrito, por medio de un correo electr\u00f3nico a la direcci\u00f3n soportededatos@ie.edu, adjuntando fotocopia de su documento de identidad, en cualquier momento y de manera gratuita, para:<br \/>\nRevocar los consentimientos otorgados.<br \/>\nAcceder a sus datos personales.<br \/>\nRectificar los datos inexactos o incompletos.<br \/>\nSolicitar la supresi\u00f3n de sus datos cuando, entre otros motivos, los datos ya no sean necesarios para los fines que fueron recogidos.<br \/>\nObtener la limitaci\u00f3n del tratamiento de los datos cuando se cumpla alguna de las condiciones previstas en la normativa de protecci\u00f3n de datos.<br \/>\nSolicitar la portabilidad de los datos facilitados en aquellos casos previstos en la normativa.<br \/>\nInterponer una reclamaci\u00f3n relativa a la protecci\u00f3n de sus datos personales ante la Agencia Espa\u00f1ola de Protecci\u00f3n de Datos cuando el interesado considere que se han vulnerado los derechos que le son reconocidos por la normativa aplicable en protecci\u00f3n de datos.<br \/>\nEn caso de ser un usuario registrado, tambi\u00e9n podr\u00e1 modificar sus datos personales y preferencias en relaci\u00f3n al env\u00edo de comunicaciones comerciales directamente a trav\u00e9s del apartado Mi Cuenta.<\/p>\n<h3>8. RESPONSABILIDAD<\/h3>\n<p>Usted:<br \/>\nGarantiza que es mayor de diecis\u00e9is (16) a\u00f1os y que los datos que facilita son verdaderos, exactos, completos y actualizados. A estos efectos, usted responde de la veracidad de todos los datos que comunique y mantendr\u00e1 convenientemente actualizada la informaci\u00f3n facilitada, de tal forma que responda a su situaci\u00f3n real.<br \/>\nGarantiza que ha informado a los terceros de los que facilite sus datos, en caso de hacerlo, de los aspectos contenidos en este documento. Asimismo, garantiza que ha obtenido su autorizaci\u00f3n para facilitar sus datos a IE para los fines se\u00f1alados.<br \/>\nSer\u00e1 responsable de las informaciones falsas o inexactas que proporcione a trav\u00e9s del Sitio Web y de los da\u00f1os y perjuicios, directos o indirectos, que ello cause a IE o a terceros.<\/p>\n<h3>9. MEDIDAS DE SEGURIDAD<\/h3>\n<p>IE tratar\u00e1 sus datos en todo momento de forma absolutamente confidencial y guardando el preceptivo deber de secreto respecto de los mismos, de conformidad con lo previsto en la normativa de aplicaci\u00f3n, adoptando al efecto las medidas de \u00edndole t\u00e9cnica y organizativas necesarias que garanticen la seguridad de sus datos y eviten su alteraci\u00f3n, p\u00e9rdida, tratamiento o acceso no autorizado, habida cuenta del estado de la tecnolog\u00eda, la naturaleza de los datos almacenados y los riesgos a que est\u00e1n expuestos.<\/p>\n<h3>10. CAMBIOS<\/h3>\n<p>IE se reserva el derecho de revisar su Pol\u00edtica de Privacidad en el momento que lo considere oportuno. Por esta raz\u00f3n, le rogamos que compruebe de forma regular esta declaraci\u00f3n de privacidad para leer la versi\u00f3n m\u00e1s reciente de la Pol\u00edtica de Privacidad.<\/p>\n<p>\u00daltima actualizaci\u00f3n: 2 de junio de 2022.[\/vc_column_text][\/vc_column][\/vc_row]<\/p>\n<\/div>","protected":false},"excerpt":{"rendered":"<p>[vc_row][vc_column][vc_column_text] 1. IDENTIFICACI\u00d3N Esta Pol\u00edtica de Privacidad establece las bases sobre las que Instituto de Empresa, S.L., con domicilio social en Madrid (Espa\u00f1a), Paseo de la Castellana, 259 E y&hellip;<\/p>\n","protected":false},"author":1,"featured_media":0,"parent":0,"menu_order":0,"comment_status":"closed","ping_status":"open","template":"","meta":{"_seopress_robots_primary_cat":"","_seopress_titles_title":"Pol\u00edtica de privacidad | IE Store","_seopress_titles_desc":"","_seopress_robots_index":"","footnotes":""},"class_list":["post-17574","page","type-page","status-publish","hentry"],"_links":{"self":[{"href":"https:\/\/store.ie.edu\/es\/wp-json\/wp\/v2\/pages\/17574","targetHints":{"allow":["GET"]}}],"collection":[{"href":"https:\/\/store.ie.edu\/es\/wp-json\/wp\/v2\/pages"}],"about":[{"href":"https:\/\/store.ie.edu\/es\/wp-json\/wp\/v2\/types\/page"}],"author":[{"embeddable":true,"href":"https:\/\/store.ie.edu\/es\/wp-json\/wp\/v2\/users\/1"}],"replies":[{"embeddable":true,"href":"https:\/\/store.ie.edu\/es\/wp-json\/wp\/v2\/comments?post=17574"}],"version-history":[{"count":11,"href":"https:\/\/store.ie.edu\/es\/wp-json\/wp\/v2\/pages\/17574\/revisions"}],"predecessor-version":[{"id":133954,"href":"https:\/\/store.ie.edu\/es\/wp-json\/wp\/v2\/pages\/17574\/revisions\/133954"}],"wp:attachment":[{"href":"https:\/\/store.ie.edu\/es\/wp-json\/wp\/v2\/media?parent=17574"}],"curies":[{"name":"wp","href":"https:\/\/api.w.org\/{rel}","templated":true}]}}